{"id":1152,"date":"2023-11-29T19:46:28","date_gmt":"2023-11-29T19:46:28","guid":{"rendered":"https:\/\/puremoroccotrips.com\/es\/?post_type=product&#038;p=1152"},"modified":"2026-01-29T20:09:43","modified_gmt":"2026-01-29T20:09:43","slug":"tour-de-11-dias-por-la-costa-atlantica-y-desierto-del-sahara","status":"publish","type":"product","link":"https:\/\/puremoroccotrips.com\/es\/tours\/tour-de-11-dias-por-la-costa-atlantica-y-desierto-del-sahara","title":{"rendered":"Tour de 11 Dias por la Costa Atlantica y Desierto del Sahara"},"content":{"rendered":"<div class=\"wpb-content-wrapper\"><p>[vc_row][vc_column][vc_column_text css=&#8221;&#8221;]<\/p>\n<h3 data-sourcepos=\"1:1-1:86\">Descubriendo la Belleza de Marruecos: El Mejor Tour de 11 D\u00edas por la Costa Atl\u00e1ntica y el Sahara<\/h3>\n<p data-sourcepos=\"3:1-3:260\">Emb\u00e1rquese en una inolvidable aventura con el <a href=\"https:\/\/puremoroccotrips.com\/morocco-desert-tours\/casablanca-tours-11-days-tour-in-atlantic-coast-desert-sahara-tour\/\">Mejor Tour de 11 D\u00edas por la Costa Atl\u00e1ntica y el Sahara en Marruecos<\/a>, combinando a la perfecci\u00f3n el encanto de la costa atl\u00e1ntica con las maravillas del desierto del Sahara. Sum\u00e9rjase en la rica historia del pa\u00eds, explore ciudades vibrantes y d\u00e9jese cautivar por paisajes impresionantes.<\/p>\n<h4 data-sourcepos=\"5:1-5:61\">Explore las Ciudades Imperiales de Marruecos: Un Viaje a Trav\u00e9s del Tiempo<\/h4>\n<p data-sourcepos=\"7:1-7:440\">Este viaje comienza visitando las ciudades imperiales, famosas por su importancia hist\u00f3rica. Primero, ad\u00e9ntrese en los bulliciosos zocos de Rabat, la capital de Marruecos. A continuaci\u00f3n, marav\u00edllese con las proezas arquitect\u00f3nicas de Meknes, declarada Patrimonio de la Humanidad por la UNESCO. Finalmente, recorra las laber\u00ednticas calles de Fez, el coraz\u00f3n espiritual de Marruecos, y explore sus tesoros culturales. Cada ciudad posee un car\u00e1cter \u00fanico que espera ser descubierto.<\/p>\n<h4 data-sourcepos=\"9:1-9:77\">Contemple Costas Impresionantes y Maravillas Naturales: Un Contraste de Belleza<\/h4>\n<p data-sourcepos=\"11:1-11:392\"><strong>Avent\u00farese m\u00e1s all\u00e1 de las ciudades imperiales<\/strong> y descubra la belleza de la costa atl\u00e1ntica de Marruecos. Rel\u00e1jese en las playas v\u00edrgenes de Oualidia, Mirleft o Legzira, disfrutando del sol y el aire puro del mar. Luego, prep\u00e1rese para asombrarse con los paisajes contrastantes mientras se dirige hacia el desierto del Sahara. Viaje a trav\u00e9s del Sahara de Foum Zguid y el valle del Draa, admirando un escenario \u00fanico.<\/p>\n<h4 data-sourcepos=\"13:1-13:68\">Experiencias Inolvidables en el Desierto del Sahara: Un Toque de Magia<\/h4>\n<p data-sourcepos=\"15:1-15:300\">\u00a1Merzouga le espera! Aqu\u00ed experimentar\u00e1 la magia del desierto del Sahara. Explore las dunas de <a href=\"https:\/\/fr.wikipedia.org\/wiki\/Erg_Chebbi\" target=\"_blank\" rel=\"noopener\">Erg Chebbi<\/a>, vastos mares de arena que ofrecen infinitas oportunidades de aventura. Sin duda, pasar una noche memorable en un campamento en el desierto bajo un manto de estrellas ser\u00e1 el punto culminante de esta aventura de 11 d\u00edas.<\/p>\n<p data-sourcepos=\"17:1-17:195\"><strong>Sum\u00e9rjase<\/strong> en la cultura bereber visitando familias n\u00f3madas y aprendiendo sobre su estilo de vida. Realice una excursi\u00f3n en camello por las dunas doradas, creando recuerdos que durar\u00e1n toda la vida.<\/p>\n<p data-sourcepos=\"19:1-19:259\"><strong>\u00danase a nosotros en este extraordinario viaje de 11 d\u00edas<\/strong> y descubra lo mejor de la costa y el desierto de Marruecos. Esta aventura inolvidable promete una mezcla perfecta de inmersi\u00f3n cultural, exploraci\u00f3n hist\u00f3rica, paisajes impresionantes y momentos de pura relajaci\u00f3n.<\/p>\n<p>Fin de los Servicios del Mejor <a href=\"https:\/\/puremoroccotrips.com\/morocco-desert-tours\/casablanca-tours-11-days-tour-in-atlantic-coast-desert-sahara-tour\/\">Tour de 11 D\u00edas por la Costa Atl\u00e1ntica y el Desierto del Sahara<\/a><\/p>\n<table class=\"tours-tabs_table\">\n<tbody>\n<tr>\n<td><strong>Punto de Inicio<\/strong><\/td>\n<td>Desde Casablanca<\/td>\n<\/tr>\n<tr>\n<td><strong>Punto de Finalizaci\u00f3n<\/strong><\/td>\n<td>Hacia Marrakech<\/td>\n<\/tr>\n<tr>\n<td><strong>INCLUIDO<\/strong><\/td>\n<td>\n<table style=\"height: 95px;\" width=\"256\">\n<tbody>\n<tr>\n<td><i class=\"fa fa-check icon-tick icon-tick--on\"><\/i>Tour en veh\u00edculo 4&#215;4 o Van con aire acondicionado.<\/td>\n<\/tr>\n<tr>\n<td><i class=\"fa fa-check icon-tick icon-tick--on\"><\/i>Combustible.<\/td>\n<\/tr>\n<tr>\n<td><i class=\"fa fa-check icon-tick icon-tick--on\"><\/i>Conductor\/Gu\u00eda.<\/td>\n<\/tr>\n<tr>\n<td><i class=\"fa fa-check icon-tick icon-tick--on\"><\/i>9 noches en Hotel o Riad (Cena y Desayuno).<\/td>\n<\/tr>\n<tr>\n<td><i class=\"fa fa-check icon-tick icon-tick--on\"><\/i>1 noche en campamento de lujo en el desierto (Cena y Desayuno).<\/td>\n<\/tr>\n<tr>\n<td><i class=\"fa fa-check icon-tick icon-tick--on\"><\/i>Excursi\u00f3n en camello (un camello por persona).<\/td>\n<\/tr>\n<tr>\n<td><i class=\"fa fa-check icon-tick icon-tick--on\"><\/i>Visita guiada en Fez.<\/td>\n<\/tr>\n<tr>\n<td><i class=\"fa fa-check icon-tick icon-tick--on\"><\/i>Visita guiada en Meknes.<\/td>\n<\/tr>\n<\/tbody>\n<\/table>\n<\/td>\n<\/tr>\n<tr>\n<td><b>EXCLUIDO<\/b><\/td>\n<td>\n<table>\n<tbody>\n<tr>\n<td><i class=\"fa fa-times icon-tick icon-tick--off\"><\/i>Almuerzos.<\/td>\n<\/tr>\n<tr>\n<td><i class=\"fa fa-times icon-tick icon-tick--off\"><\/i>Bebidas.<\/td>\n<\/tr>\n<tr>\n<td><i class=\"fa fa-times icon-tick icon-tick--off\"><\/i>Extras.<\/td>\n<\/tr>\n<tr>\n<td><i class=\"fa fa-times icon-tick icon-tick--off\"><\/i>Entradas a monumentos, gastos personales y propinas.<\/td>\n<\/tr>\n<\/tbody>\n<\/table>\n<\/td>\n<\/tr>\n<\/tbody>\n<\/table>\n<p>[\/vc_column_text][\/vc_column][\/vc_row]<\/p>\n<\/div>","protected":false},"excerpt":{"rendered":"<p>Segun las solicitudes de nuestros invitados, el Tour de 11 Dias por la Costa Atlantica y el Desierto del Sahara es el itinerario mas solicitado&#8230;<\/p>\n","protected":false},"featured_media":1153,"template":"","meta":{"_monsterinsights_skip_tracking":false,"_monsterinsights_sitenote_active":false,"_monsterinsights_sitenote_note":"","_monsterinsights_sitenote_category":0,"_uf_show_specific_survey":0,"_uf_disable_surveys":false},"product_brand":[],"product_cat":[37],"product_tag":[],"class_list":{"0":"post-1152","1":"product","2":"type-product","3":"status-publish","4":"has-post-thumbnail","6":"product_cat-tours-desde-casablanca","7":"tour_phys-tours-desde-casablanca","9":"first","10":"instock","11":"shipping-taxable","12":"product-type-tour_phys"},"yoast_head":"<!-- This site is optimized with the Yoast SEO plugin v26.8 - https:\/\/yoast.com\/product\/yoast-seo-wordpress\/ -->\n<title>Tour de 11 Dias por la Costa Atlantica y Desierto del Sahara -<\/title>\n<meta name=\"description\" content=\"Mejor Tour de 11 Dias por la Costa Atlantica y el Desierto del Sahara, Reserva con Nosotros, Paseo en Camello para Noche en el Desierto\" \/>\n<meta name=\"robots\" content=\"index, follow, max-snippet:-1, max-image-preview:large, max-video-preview:-1\" \/>\n<link rel=\"canonical\" href=\"https:\/\/puremoroccotrips.com\/es\/tours\/tour-de-11-dias-por-la-costa-atlantica-y-desierto-del-sahara\" \/>\n<meta property=\"og:locale\" content=\"en_US\" \/>\n<meta property=\"og:type\" content=\"article\" \/>\n<meta property=\"og:title\" content=\"Tour de 11 Dias por la Costa Atlantica y Desierto del Sahara -\" \/>\n<meta property=\"og:description\" content=\"Mejor Tour de 11 Dias por la Costa Atlantica y el Desierto del Sahara, Reserva con Nosotros, Paseo en Camello para Noche en el Desierto\" \/>\n<meta property=\"og:url\" content=\"https:\/\/puremoroccotrips.com\/es\/tours\/tour-de-11-dias-por-la-costa-atlantica-y-desierto-del-sahara\" \/>\n<meta property=\"article:publisher\" content=\"https:\/\/web.facebook.com\/puremoroccotrips\" \/>\n<meta property=\"article:modified_time\" content=\"2026-01-29T20:09:43+00:00\" \/>\n<meta property=\"og:image\" content=\"https:\/\/puremoroccotrips.com\/es\/wp-content\/uploads\/2023\/11\/11-Days-Tour-In-Atlantic-Coast-Desert-Sahara-Tour.jpg\" \/>\n\t<meta property=\"og:image:width\" content=\"900\" \/>\n\t<meta property=\"og:image:height\" content=\"600\" \/>\n\t<meta property=\"og:image:type\" content=\"image\/jpeg\" \/>\n<meta name=\"twitter:card\" content=\"summary_large_image\" \/>\n<meta name=\"twitter:label1\" content=\"Est. reading time\" \/>\n\t<meta name=\"twitter:data1\" content=\"3 minutes\" \/>\n<script type=\"application\/ld+json\" class=\"yoast-schema-graph\">{\"@context\":\"https:\/\/schema.org\",\"@graph\":[{\"@type\":\"WebPage\",\"@id\":\"https:\/\/puremoroccotrips.com\/es\/tours\/tour-de-11-dias-por-la-costa-atlantica-y-desierto-del-sahara\",\"url\":\"https:\/\/puremoroccotrips.com\/es\/tours\/tour-de-11-dias-por-la-costa-atlantica-y-desierto-del-sahara\",\"name\":\"Tour de 11 Dias por la Costa Atlantica y Desierto del Sahara -\",\"isPartOf\":{\"@id\":\"https:\/\/puremoroccotrips.com\/es\/#website\"},\"primaryImageOfPage\":{\"@id\":\"https:\/\/puremoroccotrips.com\/es\/tours\/tour-de-11-dias-por-la-costa-atlantica-y-desierto-del-sahara#primaryimage\"},\"image\":{\"@id\":\"https:\/\/puremoroccotrips.com\/es\/tours\/tour-de-11-dias-por-la-costa-atlantica-y-desierto-del-sahara#primaryimage\"},\"thumbnailUrl\":\"https:\/\/puremoroccotrips.com\/es\/wp-content\/uploads\/2023\/11\/11-Days-Tour-In-Atlantic-Coast-Desert-Sahara-Tour.jpg\",\"datePublished\":\"2023-11-29T19:46:28+00:00\",\"dateModified\":\"2026-01-29T20:09:43+00:00\",\"description\":\"Mejor Tour de 11 Dias por la Costa Atlantica y el Desierto del Sahara, Reserva con Nosotros, Paseo en Camello para Noche en el Desierto\",\"breadcrumb\":{\"@id\":\"https:\/\/puremoroccotrips.com\/es\/tours\/tour-de-11-dias-por-la-costa-atlantica-y-desierto-del-sahara#breadcrumb\"},\"inLanguage\":\"en-US\",\"potentialAction\":[{\"@type\":\"ReadAction\",\"target\":[\"https:\/\/puremoroccotrips.com\/es\/tours\/tour-de-11-dias-por-la-costa-atlantica-y-desierto-del-sahara\"]}]},{\"@type\":\"ImageObject\",\"inLanguage\":\"en-US\",\"@id\":\"https:\/\/puremoroccotrips.com\/es\/tours\/tour-de-11-dias-por-la-costa-atlantica-y-desierto-del-sahara#primaryimage\",\"url\":\"https:\/\/puremoroccotrips.com\/es\/wp-content\/uploads\/2023\/11\/11-Days-Tour-In-Atlantic-Coast-Desert-Sahara-Tour.jpg\",\"contentUrl\":\"https:\/\/puremoroccotrips.com\/es\/wp-content\/uploads\/2023\/11\/11-Days-Tour-In-Atlantic-Coast-Desert-Sahara-Tour.jpg\",\"width\":900,\"height\":600,\"caption\":\"Tour de 11 Dias por la Costa Atlantica y Desierto del Sahara\"},{\"@type\":\"BreadcrumbList\",\"@id\":\"https:\/\/puremoroccotrips.com\/es\/tours\/tour-de-11-dias-por-la-costa-atlantica-y-desierto-del-sahara#breadcrumb\",\"itemListElement\":[{\"@type\":\"ListItem\",\"position\":1,\"name\":\"Home\",\"item\":\"https:\/\/puremoroccotrips.com\/es\/\"},{\"@type\":\"ListItem\",\"position\":2,\"name\":\"Products\",\"item\":\"https:\/\/puremoroccotrips.com\/es\/shop\/\"},{\"@type\":\"ListItem\",\"position\":3,\"name\":\"Tour de 11 Dias por la Costa Atlantica y Desierto del Sahara\"}]},{\"@type\":\"WebSite\",\"@id\":\"https:\/\/puremoroccotrips.com\/es\/#website\",\"url\":\"https:\/\/puremoroccotrips.com\/es\/\",\"name\":\"Pure Morocco Trips - Marrakech tours - Casablanca Tours - Fes Tours - Tangier Tours - Agadir Tours\",\"description\":\"Your Best Way To Travel in Morocco\",\"publisher\":{\"@id\":\"https:\/\/puremoroccotrips.com\/es\/#organization\"},\"potentialAction\":[{\"@type\":\"SearchAction\",\"target\":{\"@type\":\"EntryPoint\",\"urlTemplate\":\"https:\/\/puremoroccotrips.com\/es\/?s={search_term_string}\"},\"query-input\":{\"@type\":\"PropertyValueSpecification\",\"valueRequired\":true,\"valueName\":\"search_term_string\"}}],\"inLanguage\":\"en-US\"},{\"@type\":\"Organization\",\"@id\":\"https:\/\/puremoroccotrips.com\/es\/#organization\",\"name\":\"Pure Morocco Trips - Marrakech tours - Casablanca Tours - Fes Tours - Tangier Tours - Agadir Tours\",\"url\":\"https:\/\/puremoroccotrips.com\/es\/\",\"logo\":{\"@type\":\"ImageObject\",\"inLanguage\":\"en-US\",\"@id\":\"https:\/\/puremoroccotrips.com\/es\/#\/schema\/logo\/image\/\",\"url\":\"https:\/\/puremoroccotrips.com\/es\/wp-content\/uploads\/2023\/12\/puremoroccotrips-1.png\",\"contentUrl\":\"https:\/\/puremoroccotrips.com\/es\/wp-content\/uploads\/2023\/12\/puremoroccotrips-1.png\",\"width\":1000,\"height\":1000,\"caption\":\"Pure Morocco Trips - Marrakech tours - Casablanca Tours - Fes Tours - Tangier Tours - Agadir Tours\"},\"image\":{\"@id\":\"https:\/\/puremoroccotrips.com\/es\/#\/schema\/logo\/image\/\"},\"sameAs\":[\"https:\/\/web.facebook.com\/puremoroccotrips\",\"https:\/\/www.instagram.com\/pure_morocco_trips\/\",\"https:\/\/www.linkedin.com\/in\/pure-morocco-trips-72a760115?trk=pulse-det-athr_prof-art_hdr\"]}]}<\/script>\n<!-- \/ Yoast SEO plugin. -->","yoast_head_json":{"title":"Tour de 11 Dias por la Costa Atlantica y Desierto del Sahara -","description":"Mejor Tour de 11 Dias por la Costa Atlantica y el Desierto del Sahara, Reserva con Nosotros, Paseo en Camello para Noche en el Desierto","robots":{"index":"index","follow":"follow","max-snippet":"max-snippet:-1","max-image-preview":"max-image-preview:large","max-video-preview":"max-video-preview:-1"},"canonical":"https:\/\/puremoroccotrips.com\/es\/tours\/tour-de-11-dias-por-la-costa-atlantica-y-desierto-del-sahara","og_locale":"en_US","og_type":"article","og_title":"Tour de 11 Dias por la Costa Atlantica y Desierto del Sahara -","og_description":"Mejor Tour de 11 Dias por la Costa Atlantica y el Desierto del Sahara, Reserva con Nosotros, Paseo en Camello para Noche en el Desierto","og_url":"https:\/\/puremoroccotrips.com\/es\/tours\/tour-de-11-dias-por-la-costa-atlantica-y-desierto-del-sahara","article_publisher":"https:\/\/web.facebook.com\/puremoroccotrips","article_modified_time":"2026-01-29T20:09:43+00:00","og_image":[{"width":900,"height":600,"url":"https:\/\/puremoroccotrips.com\/es\/wp-content\/uploads\/2023\/11\/11-Days-Tour-In-Atlantic-Coast-Desert-Sahara-Tour.jpg","type":"image\/jpeg"}],"twitter_card":"summary_large_image","twitter_misc":{"Est. reading time":"3 minutes"},"schema":{"@context":"https:\/\/schema.org","@graph":[{"@type":"WebPage","@id":"https:\/\/puremoroccotrips.com\/es\/tours\/tour-de-11-dias-por-la-costa-atlantica-y-desierto-del-sahara","url":"https:\/\/puremoroccotrips.com\/es\/tours\/tour-de-11-dias-por-la-costa-atlantica-y-desierto-del-sahara","name":"Tour de 11 Dias por la Costa Atlantica y Desierto del Sahara -","isPartOf":{"@id":"https:\/\/puremoroccotrips.com\/es\/#website"},"primaryImageOfPage":{"@id":"https:\/\/puremoroccotrips.com\/es\/tours\/tour-de-11-dias-por-la-costa-atlantica-y-desierto-del-sahara#primaryimage"},"image":{"@id":"https:\/\/puremoroccotrips.com\/es\/tours\/tour-de-11-dias-por-la-costa-atlantica-y-desierto-del-sahara#primaryimage"},"thumbnailUrl":"https:\/\/puremoroccotrips.com\/es\/wp-content\/uploads\/2023\/11\/11-Days-Tour-In-Atlantic-Coast-Desert-Sahara-Tour.jpg","datePublished":"2023-11-29T19:46:28+00:00","dateModified":"2026-01-29T20:09:43+00:00","description":"Mejor Tour de 11 Dias por la Costa Atlantica y el Desierto del Sahara, Reserva con Nosotros, Paseo en Camello para Noche en el Desierto","breadcrumb":{"@id":"https:\/\/puremoroccotrips.com\/es\/tours\/tour-de-11-dias-por-la-costa-atlantica-y-desierto-del-sahara#breadcrumb"},"inLanguage":"en-US","potentialAction":[{"@type":"ReadAction","target":["https:\/\/puremoroccotrips.com\/es\/tours\/tour-de-11-dias-por-la-costa-atlantica-y-desierto-del-sahara"]}]},{"@type":"ImageObject","inLanguage":"en-US","@id":"https:\/\/puremoroccotrips.com\/es\/tours\/tour-de-11-dias-por-la-costa-atlantica-y-desierto-del-sahara#primaryimage","url":"https:\/\/puremoroccotrips.com\/es\/wp-content\/uploads\/2023\/11\/11-Days-Tour-In-Atlantic-Coast-Desert-Sahara-Tour.jpg","contentUrl":"https:\/\/puremoroccotrips.com\/es\/wp-content\/uploads\/2023\/11\/11-Days-Tour-In-Atlantic-Coast-Desert-Sahara-Tour.jpg","width":900,"height":600,"caption":"Tour de 11 Dias por la Costa Atlantica y Desierto del Sahara"},{"@type":"BreadcrumbList","@id":"https:\/\/puremoroccotrips.com\/es\/tours\/tour-de-11-dias-por-la-costa-atlantica-y-desierto-del-sahara#breadcrumb","itemListElement":[{"@type":"ListItem","position":1,"name":"Home","item":"https:\/\/puremoroccotrips.com\/es\/"},{"@type":"ListItem","position":2,"name":"Products","item":"https:\/\/puremoroccotrips.com\/es\/shop\/"},{"@type":"ListItem","position":3,"name":"Tour de 11 Dias por la Costa Atlantica y Desierto del Sahara"}]},{"@type":"WebSite","@id":"https:\/\/puremoroccotrips.com\/es\/#website","url":"https:\/\/puremoroccotrips.com\/es\/","name":"Pure Morocco Trips - Marrakech tours - Casablanca Tours - Fes Tours - Tangier Tours - Agadir Tours","description":"Your Best Way To Travel in Morocco","publisher":{"@id":"https:\/\/puremoroccotrips.com\/es\/#organization"},"potentialAction":[{"@type":"SearchAction","target":{"@type":"EntryPoint","urlTemplate":"https:\/\/puremoroccotrips.com\/es\/?s={search_term_string}"},"query-input":{"@type":"PropertyValueSpecification","valueRequired":true,"valueName":"search_term_string"}}],"inLanguage":"en-US"},{"@type":"Organization","@id":"https:\/\/puremoroccotrips.com\/es\/#organization","name":"Pure Morocco Trips - Marrakech tours - Casablanca Tours - Fes Tours - Tangier Tours - Agadir Tours","url":"https:\/\/puremoroccotrips.com\/es\/","logo":{"@type":"ImageObject","inLanguage":"en-US","@id":"https:\/\/puremoroccotrips.com\/es\/#\/schema\/logo\/image\/","url":"https:\/\/puremoroccotrips.com\/es\/wp-content\/uploads\/2023\/12\/puremoroccotrips-1.png","contentUrl":"https:\/\/puremoroccotrips.com\/es\/wp-content\/uploads\/2023\/12\/puremoroccotrips-1.png","width":1000,"height":1000,"caption":"Pure Morocco Trips - Marrakech tours - Casablanca Tours - Fes Tours - Tangier Tours - Agadir Tours"},"image":{"@id":"https:\/\/puremoroccotrips.com\/es\/#\/schema\/logo\/image\/"},"sameAs":["https:\/\/web.facebook.com\/puremoroccotrips","https:\/\/www.instagram.com\/pure_morocco_trips\/","https:\/\/www.linkedin.com\/in\/pure-morocco-trips-72a760115?trk=pulse-det-athr_prof-art_hdr"]}]}},"_links":{"self":[{"href":"https:\/\/puremoroccotrips.com\/es\/wp-json\/wp\/v2\/product\/1152","targetHints":{"allow":["GET"]}}],"collection":[{"href":"https:\/\/puremoroccotrips.com\/es\/wp-json\/wp\/v2\/product"}],"about":[{"href":"https:\/\/puremoroccotrips.com\/es\/wp-json\/wp\/v2\/types\/product"}],"wp:featuredmedia":[{"embeddable":true,"href":"https:\/\/puremoroccotrips.com\/es\/wp-json\/wp\/v2\/media\/1153"}],"wp:attachment":[{"href":"https:\/\/puremoroccotrips.com\/es\/wp-json\/wp\/v2\/media?parent=1152"}],"wp:term":[{"taxonomy":"product_brand","embeddable":true,"href":"https:\/\/puremoroccotrips.com\/es\/wp-json\/wp\/v2\/product_brand?post=1152"},{"taxonomy":"product_cat","embeddable":true,"href":"https:\/\/puremoroccotrips.com\/es\/wp-json\/wp\/v2\/product_cat?post=1152"},{"taxonomy":"product_tag","embeddable":true,"href":"https:\/\/puremoroccotrips.com\/es\/wp-json\/wp\/v2\/product_tag?post=1152"}],"curies":[{"name":"wp","href":"https:\/\/api.w.org\/{rel}","templated":true}]}}