{"id":1149,"date":"2023-11-29T19:29:53","date_gmt":"2023-11-29T19:29:53","guid":{"rendered":"https:\/\/puremoroccotrips.com\/es\/?post_type=product&#038;p=1149"},"modified":"2026-01-29T20:27:07","modified_gmt":"2026-01-29T20:27:07","slug":"marruecos-tours-de-9-dias-desde-casablanca","status":"publish","type":"product","link":"https:\/\/puremoroccotrips.com\/es\/tours\/marruecos-tours-de-9-dias-desde-casablanca","title":{"rendered":"Marruecos Tours de 9 Dias desde Casablanca"},"content":{"rendered":"<div class=\"wpb-content-wrapper\"><p>[vc_row][vc_column][vc_column_text css=&#8221;&#8221;]<\/p>\n<h3 data-sourcepos=\"1:1-1:74\">Descubriendo el Encanto de Marruecos: Los Mejores Tours de 9 D\u00edas por Marruecos desde Casablanca<\/h3>\n<p data-sourcepos=\"3:1-3:296\">Emb\u00e1rquese en un inolvidable viaje con los <a href=\"https:\/\/puremoroccotrips.com\/morocco-desert-tours\/best-morocco-9-days-tours-from-casablanca\/\">Mejores Tours de 9 D\u00edas por Marruecos desde Casablanca<\/a>, combinando a la perfecci\u00f3n la rica historia y la vibrante cultura del pa\u00eds con las maravillas del desierto del Sahara. Sum\u00e9rjase en las bulliciosas ciudades imperiales, explore paisajes impresionantes y cree recuerdos duraderos en el vasto desierto.<\/p>\n<h4 data-sourcepos=\"5:1-5:56\">Explore las Joyas Hist\u00f3ricas de Marruecos: Las Ciudades Imperiales<\/h4>\n<p data-sourcepos=\"7:1-7:162\">Su viaje comienza con una inmersi\u00f3n en el fascinante pasado de Marruecos. Explore las <a href=\"https:\/\/en.wikipedia.org\/wiki\/Free_imperial_city\" target=\"_blank\" rel=\"noopener\">ciudades imperiales<\/a>, cada una con un car\u00e1cter \u00fanico y una historia esperando ser descubierta.<\/p>\n<p data-sourcepos=\"9:3-9:116\"><strong>Rabat:<\/strong> Sum\u00e9rjase en la bulliciosa capital, admirando la Mezquita de Hassan II, una maravilla arquitect\u00f3nica.<\/p>\n<p data-sourcepos=\"11:3-11:150\"><strong>Meknes:<\/strong> Retroceda en el tiempo en Meknes, sitio declarado Patrimonio de la Humanidad por la UNESCO. Explore la intrincada arquitectura de la Plaza Lahdim y la Gran Mezquita.<\/p>\n<p data-sourcepos=\"13:3-13:152\"><strong>Fez:<\/strong> Recorra las laber\u00ednticas calles de Fez, el coraz\u00f3n espiritual de Marruecos. Visite la emblem\u00e1tica Puerta Bab Boujloud y la hist\u00f3rica Mezquita Karaouine.<\/p>\n<p data-sourcepos=\"17:1-17:82\">Avent\u00farese m\u00e1s all\u00e1 de las ciudades imperiales y descubra la belleza contrastante de Marruecos.<\/p>\n<p data-sourcepos=\"19:3-19:221\"><strong>Costa Atl\u00e1ntica (Opcional):<\/strong> Rel\u00e1jese en playas v\u00edrgenes y disfrute del sol en encantadores pueblos costeros como Oualidia, Mirleft o Legzira. (Considere a\u00f1adir esto como un complemento opcional para una experiencia m\u00e1s completa).<\/p>\n<p data-sourcepos=\"21:3-21:163\"><strong>Desierto del Sahara:<\/strong> Prep\u00e1rese para asombrarse con la inmensidad del desierto del Sahara. Viaje a trav\u00e9s de los paisajes \u00fanicos del Sahara de Foum Zguid y el Valle del Draa.<\/p>\n<h4 data-sourcepos=\"23:1-23:50\">Experiencias Inolvidables en el Desierto del Sahara<\/h4>\n<p data-sourcepos=\"25:1-25:88\">\u00a1Merzouga, la puerta del Sahara, le espera! Aqu\u00ed crear\u00e1 recuerdos inolvidables:<\/p>\n<p><strong>Explore las Dunas de Erg Chebbi:<\/strong> Se embarcar\u00e1 en una emocionante aventura a trav\u00e9s de las dunas doradas, un paisaje majestuoso esculpido por el viento y el tiempo.<\/p>\n<p><strong>Experimente la Cultura Bereber:<\/strong> Visite familias n\u00f3madas y aprenda sobre su estilo de vida, obteniendo una apreciaci\u00f3n m\u00e1s profunda de la cultura marroqu\u00ed.<\/p>\n<p><strong>Noche Bajo las Estrellas:<\/strong> Pase una noche m\u00e1gica en un campamento en el desierto, contemplando un manto de estrellas en el claro cielo del desierto. Sin duda, este ser\u00e1 uno de los momentos m\u00e1s destacados de su viaje.<\/p>\n<p data-sourcepos=\"31:1-31:250\">\u00danase a nosotros en este extraordinario <a href=\"https:\/\/puremoroccotrips.com\/morocco-desert-tours\/morocco-9-days-tours-from-casablanca\/\">viaje de 9 d\u00edas desde Casablanca<\/a> y descubra lo mejor de Marruecos. Esta aventura inolvidable promete una mezcla perfecta de inmersi\u00f3n cultural, exploraci\u00f3n hist\u00f3rica, paisajes impresionantes y momentos de relajaci\u00f3n.<\/p>\n<table class=\"tours-tabs_table\">\n<tbody>\n<tr>\n<td><strong>Punto de Inicio<\/strong><\/td>\n<td>Desde Casablanca<\/td>\n<\/tr>\n<tr>\n<td><strong>Punto de Finalizaci\u00f3n<\/strong><\/td>\n<td>Hacia Marrakech<\/td>\n<\/tr>\n<tr>\n<td><strong>INCLUIDO<\/strong><\/td>\n<td>\n<table style=\"height: 95px;\" width=\"256\">\n<tbody>\n<tr>\n<td><i class=\"fa fa-check icon-tick icon-tick--on\"><\/i>Tour en veh\u00edculo 4&#215;4 o Van con aire acondicionado.<\/td>\n<\/tr>\n<tr>\n<td><i class=\"fa fa-check icon-tick icon-tick--on\"><\/i>Combustible.<\/td>\n<\/tr>\n<tr>\n<td><i class=\"fa fa-check icon-tick icon-tick--on\"><\/i>Conductor\/Gu\u00eda.<\/td>\n<\/tr>\n<tr>\n<td><i class=\"fa fa-check icon-tick icon-tick--on\"><\/i>7 noches en Hotel o Riad.<\/td>\n<\/tr>\n<tr>\n<td><i class=\"fa fa-check icon-tick icon-tick--on\"><\/i>1 noche en campamento de lujo en el desierto.<\/td>\n<\/tr>\n<tr>\n<td><i class=\"fa fa-check icon-tick icon-tick--on\"><\/i>Excursi\u00f3n en camello (un camello por persona).<\/td>\n<\/tr>\n<tr>\n<td><i class=\"fa fa-check icon-tick icon-tick--on\"><\/i>Visita guiada en Fez.<\/td>\n<\/tr>\n<tr>\n<td><i class=\"fa fa-check icon-tick icon-tick--on\"><\/i>Visita guiada en Marrakech.<\/td>\n<\/tr>\n<\/tbody>\n<\/table>\n<\/td>\n<\/tr>\n<tr>\n<td><b>EXCLUIDO<\/b><\/td>\n<td>\n<table>\n<tbody>\n<tr>\n<td><i class=\"fa fa-times icon-tick icon-tick--off\"><\/i>Almuerzos.<\/td>\n<\/tr>\n<tr>\n<td><i class=\"fa fa-times icon-tick icon-tick--off\"><\/i>Bebidas.<\/td>\n<\/tr>\n<tr>\n<td><i class=\"fa fa-times icon-tick icon-tick--off\"><\/i>Extras.<\/td>\n<\/tr>\n<tr>\n<td><i class=\"fa fa-times icon-tick icon-tick--off\"><\/i>Entradas a monumentos, otros gastos personales y propinas.<\/td>\n<\/tr>\n<\/tbody>\n<\/table>\n<\/td>\n<\/tr>\n<\/tbody>\n<\/table>\n<p>[\/vc_column_text][\/vc_column][\/vc_row]<\/p>\n<\/div>","protected":false},"excerpt":{"rendered":"<p>Disfruta con nosotros, el Tour de 9 Dias desde Casablanca es el itinerario mas solicitado. Durante el tour, visitaras&#8230;<\/p>\n","protected":false},"featured_media":1151,"template":"","meta":{"_monsterinsights_skip_tracking":false,"_monsterinsights_sitenote_active":false,"_monsterinsights_sitenote_note":"","_monsterinsights_sitenote_category":0,"_uf_show_specific_survey":0,"_uf_disable_surveys":false},"product_brand":[],"product_cat":[37],"product_tag":[],"class_list":{"0":"post-1149","1":"product","2":"type-product","3":"status-publish","4":"has-post-thumbnail","6":"product_cat-tours-desde-casablanca","7":"tour_phys-tours-desde-casablanca","9":"first","10":"instock","11":"shipping-taxable","12":"product-type-tour_phys"},"yoast_head":"<!-- This site is optimized with the Yoast SEO plugin v26.8 - https:\/\/yoast.com\/product\/yoast-seo-wordpress\/ -->\n<title>Marruecos Tours de 9 Dias desde Casablanca -<\/title>\n<meta name=\"description\" content=\"Mejor Tour de 9 Dias por Marruecos desde Casablanca, Tour por el Desierto desde Casablanca, Viaje Cultural, Recorrido por Sitios Historicos\" \/>\n<meta name=\"robots\" content=\"index, follow, max-snippet:-1, max-image-preview:large, max-video-preview:-1\" \/>\n<link rel=\"canonical\" href=\"https:\/\/puremoroccotrips.com\/es\/tours\/marruecos-tours-de-9-dias-desde-casablanca\" \/>\n<meta property=\"og:locale\" content=\"en_US\" \/>\n<meta property=\"og:type\" content=\"article\" \/>\n<meta property=\"og:title\" content=\"Marruecos Tours de 9 Dias desde Casablanca -\" \/>\n<meta property=\"og:description\" content=\"Mejor Tour de 9 Dias por Marruecos desde Casablanca, Tour por el Desierto desde Casablanca, Viaje Cultural, Recorrido por Sitios Historicos\" \/>\n<meta property=\"og:url\" content=\"https:\/\/puremoroccotrips.com\/es\/tours\/marruecos-tours-de-9-dias-desde-casablanca\" \/>\n<meta property=\"article:publisher\" content=\"https:\/\/web.facebook.com\/puremoroccotrips\" \/>\n<meta property=\"article:modified_time\" content=\"2026-01-29T20:27:07+00:00\" \/>\n<meta property=\"og:image\" content=\"https:\/\/puremoroccotrips.com\/es\/wp-content\/uploads\/2023\/11\/9-Days-Tours-From-Casablanca.jpg\" \/>\n\t<meta property=\"og:image:width\" content=\"900\" \/>\n\t<meta property=\"og:image:height\" content=\"600\" \/>\n\t<meta property=\"og:image:type\" content=\"image\/jpeg\" \/>\n<meta name=\"twitter:card\" content=\"summary_large_image\" \/>\n<meta name=\"twitter:label1\" content=\"Est. reading time\" \/>\n\t<meta name=\"twitter:data1\" content=\"3 minutes\" \/>\n<script type=\"application\/ld+json\" class=\"yoast-schema-graph\">{\"@context\":\"https:\/\/schema.org\",\"@graph\":[{\"@type\":\"WebPage\",\"@id\":\"https:\/\/puremoroccotrips.com\/es\/tours\/marruecos-tours-de-9-dias-desde-casablanca\",\"url\":\"https:\/\/puremoroccotrips.com\/es\/tours\/marruecos-tours-de-9-dias-desde-casablanca\",\"name\":\"Marruecos Tours de 9 Dias desde Casablanca -\",\"isPartOf\":{\"@id\":\"https:\/\/puremoroccotrips.com\/es\/#website\"},\"primaryImageOfPage\":{\"@id\":\"https:\/\/puremoroccotrips.com\/es\/tours\/marruecos-tours-de-9-dias-desde-casablanca#primaryimage\"},\"image\":{\"@id\":\"https:\/\/puremoroccotrips.com\/es\/tours\/marruecos-tours-de-9-dias-desde-casablanca#primaryimage\"},\"thumbnailUrl\":\"https:\/\/puremoroccotrips.com\/es\/wp-content\/uploads\/2023\/11\/9-Days-Tours-From-Casablanca.jpg\",\"datePublished\":\"2023-11-29T19:29:53+00:00\",\"dateModified\":\"2026-01-29T20:27:07+00:00\",\"description\":\"Mejor Tour de 9 Dias por Marruecos desde Casablanca, Tour por el Desierto desde Casablanca, Viaje Cultural, Recorrido por Sitios Historicos\",\"breadcrumb\":{\"@id\":\"https:\/\/puremoroccotrips.com\/es\/tours\/marruecos-tours-de-9-dias-desde-casablanca#breadcrumb\"},\"inLanguage\":\"en-US\",\"potentialAction\":[{\"@type\":\"ReadAction\",\"target\":[\"https:\/\/puremoroccotrips.com\/es\/tours\/marruecos-tours-de-9-dias-desde-casablanca\"]}]},{\"@type\":\"ImageObject\",\"inLanguage\":\"en-US\",\"@id\":\"https:\/\/puremoroccotrips.com\/es\/tours\/marruecos-tours-de-9-dias-desde-casablanca#primaryimage\",\"url\":\"https:\/\/puremoroccotrips.com\/es\/wp-content\/uploads\/2023\/11\/9-Days-Tours-From-Casablanca.jpg\",\"contentUrl\":\"https:\/\/puremoroccotrips.com\/es\/wp-content\/uploads\/2023\/11\/9-Days-Tours-From-Casablanca.jpg\",\"width\":900,\"height\":600,\"caption\":\"Marruecos Tours de 9 Dias desde Casablanca\"},{\"@type\":\"BreadcrumbList\",\"@id\":\"https:\/\/puremoroccotrips.com\/es\/tours\/marruecos-tours-de-9-dias-desde-casablanca#breadcrumb\",\"itemListElement\":[{\"@type\":\"ListItem\",\"position\":1,\"name\":\"Home\",\"item\":\"https:\/\/puremoroccotrips.com\/es\/\"},{\"@type\":\"ListItem\",\"position\":2,\"name\":\"Products\",\"item\":\"https:\/\/puremoroccotrips.com\/es\/shop\/\"},{\"@type\":\"ListItem\",\"position\":3,\"name\":\"Marruecos Tours de 9 Dias desde Casablanca\"}]},{\"@type\":\"WebSite\",\"@id\":\"https:\/\/puremoroccotrips.com\/es\/#website\",\"url\":\"https:\/\/puremoroccotrips.com\/es\/\",\"name\":\"Pure Morocco Trips - Marrakech tours - Casablanca Tours - Fes Tours - Tangier Tours - Agadir Tours\",\"description\":\"Your Best Way To Travel in Morocco\",\"publisher\":{\"@id\":\"https:\/\/puremoroccotrips.com\/es\/#organization\"},\"potentialAction\":[{\"@type\":\"SearchAction\",\"target\":{\"@type\":\"EntryPoint\",\"urlTemplate\":\"https:\/\/puremoroccotrips.com\/es\/?s={search_term_string}\"},\"query-input\":{\"@type\":\"PropertyValueSpecification\",\"valueRequired\":true,\"valueName\":\"search_term_string\"}}],\"inLanguage\":\"en-US\"},{\"@type\":\"Organization\",\"@id\":\"https:\/\/puremoroccotrips.com\/es\/#organization\",\"name\":\"Pure Morocco Trips - Marrakech tours - Casablanca Tours - Fes Tours - Tangier Tours - Agadir Tours\",\"url\":\"https:\/\/puremoroccotrips.com\/es\/\",\"logo\":{\"@type\":\"ImageObject\",\"inLanguage\":\"en-US\",\"@id\":\"https:\/\/puremoroccotrips.com\/es\/#\/schema\/logo\/image\/\",\"url\":\"https:\/\/puremoroccotrips.com\/es\/wp-content\/uploads\/2023\/12\/puremoroccotrips-1.png\",\"contentUrl\":\"https:\/\/puremoroccotrips.com\/es\/wp-content\/uploads\/2023\/12\/puremoroccotrips-1.png\",\"width\":1000,\"height\":1000,\"caption\":\"Pure Morocco Trips - Marrakech tours - Casablanca Tours - Fes Tours - Tangier Tours - Agadir Tours\"},\"image\":{\"@id\":\"https:\/\/puremoroccotrips.com\/es\/#\/schema\/logo\/image\/\"},\"sameAs\":[\"https:\/\/web.facebook.com\/puremoroccotrips\",\"https:\/\/www.instagram.com\/pure_morocco_trips\/\",\"https:\/\/www.linkedin.com\/in\/pure-morocco-trips-72a760115?trk=pulse-det-athr_prof-art_hdr\"]}]}<\/script>\n<!-- \/ Yoast SEO plugin. -->","yoast_head_json":{"title":"Marruecos Tours de 9 Dias desde Casablanca -","description":"Mejor Tour de 9 Dias por Marruecos desde Casablanca, Tour por el Desierto desde Casablanca, Viaje Cultural, Recorrido por Sitios Historicos","robots":{"index":"index","follow":"follow","max-snippet":"max-snippet:-1","max-image-preview":"max-image-preview:large","max-video-preview":"max-video-preview:-1"},"canonical":"https:\/\/puremoroccotrips.com\/es\/tours\/marruecos-tours-de-9-dias-desde-casablanca","og_locale":"en_US","og_type":"article","og_title":"Marruecos Tours de 9 Dias desde Casablanca -","og_description":"Mejor Tour de 9 Dias por Marruecos desde Casablanca, Tour por el Desierto desde Casablanca, Viaje Cultural, Recorrido por Sitios Historicos","og_url":"https:\/\/puremoroccotrips.com\/es\/tours\/marruecos-tours-de-9-dias-desde-casablanca","article_publisher":"https:\/\/web.facebook.com\/puremoroccotrips","article_modified_time":"2026-01-29T20:27:07+00:00","og_image":[{"width":900,"height":600,"url":"https:\/\/puremoroccotrips.com\/es\/wp-content\/uploads\/2023\/11\/9-Days-Tours-From-Casablanca.jpg","type":"image\/jpeg"}],"twitter_card":"summary_large_image","twitter_misc":{"Est. reading time":"3 minutes"},"schema":{"@context":"https:\/\/schema.org","@graph":[{"@type":"WebPage","@id":"https:\/\/puremoroccotrips.com\/es\/tours\/marruecos-tours-de-9-dias-desde-casablanca","url":"https:\/\/puremoroccotrips.com\/es\/tours\/marruecos-tours-de-9-dias-desde-casablanca","name":"Marruecos Tours de 9 Dias desde Casablanca -","isPartOf":{"@id":"https:\/\/puremoroccotrips.com\/es\/#website"},"primaryImageOfPage":{"@id":"https:\/\/puremoroccotrips.com\/es\/tours\/marruecos-tours-de-9-dias-desde-casablanca#primaryimage"},"image":{"@id":"https:\/\/puremoroccotrips.com\/es\/tours\/marruecos-tours-de-9-dias-desde-casablanca#primaryimage"},"thumbnailUrl":"https:\/\/puremoroccotrips.com\/es\/wp-content\/uploads\/2023\/11\/9-Days-Tours-From-Casablanca.jpg","datePublished":"2023-11-29T19:29:53+00:00","dateModified":"2026-01-29T20:27:07+00:00","description":"Mejor Tour de 9 Dias por Marruecos desde Casablanca, Tour por el Desierto desde Casablanca, Viaje Cultural, Recorrido por Sitios Historicos","breadcrumb":{"@id":"https:\/\/puremoroccotrips.com\/es\/tours\/marruecos-tours-de-9-dias-desde-casablanca#breadcrumb"},"inLanguage":"en-US","potentialAction":[{"@type":"ReadAction","target":["https:\/\/puremoroccotrips.com\/es\/tours\/marruecos-tours-de-9-dias-desde-casablanca"]}]},{"@type":"ImageObject","inLanguage":"en-US","@id":"https:\/\/puremoroccotrips.com\/es\/tours\/marruecos-tours-de-9-dias-desde-casablanca#primaryimage","url":"https:\/\/puremoroccotrips.com\/es\/wp-content\/uploads\/2023\/11\/9-Days-Tours-From-Casablanca.jpg","contentUrl":"https:\/\/puremoroccotrips.com\/es\/wp-content\/uploads\/2023\/11\/9-Days-Tours-From-Casablanca.jpg","width":900,"height":600,"caption":"Marruecos Tours de 9 Dias desde Casablanca"},{"@type":"BreadcrumbList","@id":"https:\/\/puremoroccotrips.com\/es\/tours\/marruecos-tours-de-9-dias-desde-casablanca#breadcrumb","itemListElement":[{"@type":"ListItem","position":1,"name":"Home","item":"https:\/\/puremoroccotrips.com\/es\/"},{"@type":"ListItem","position":2,"name":"Products","item":"https:\/\/puremoroccotrips.com\/es\/shop\/"},{"@type":"ListItem","position":3,"name":"Marruecos Tours de 9 Dias desde Casablanca"}]},{"@type":"WebSite","@id":"https:\/\/puremoroccotrips.com\/es\/#website","url":"https:\/\/puremoroccotrips.com\/es\/","name":"Pure Morocco Trips - Marrakech tours - Casablanca Tours - Fes Tours - Tangier Tours - Agadir Tours","description":"Your Best Way To Travel in Morocco","publisher":{"@id":"https:\/\/puremoroccotrips.com\/es\/#organization"},"potentialAction":[{"@type":"SearchAction","target":{"@type":"EntryPoint","urlTemplate":"https:\/\/puremoroccotrips.com\/es\/?s={search_term_string}"},"query-input":{"@type":"PropertyValueSpecification","valueRequired":true,"valueName":"search_term_string"}}],"inLanguage":"en-US"},{"@type":"Organization","@id":"https:\/\/puremoroccotrips.com\/es\/#organization","name":"Pure Morocco Trips - Marrakech tours - Casablanca Tours - Fes Tours - Tangier Tours - Agadir Tours","url":"https:\/\/puremoroccotrips.com\/es\/","logo":{"@type":"ImageObject","inLanguage":"en-US","@id":"https:\/\/puremoroccotrips.com\/es\/#\/schema\/logo\/image\/","url":"https:\/\/puremoroccotrips.com\/es\/wp-content\/uploads\/2023\/12\/puremoroccotrips-1.png","contentUrl":"https:\/\/puremoroccotrips.com\/es\/wp-content\/uploads\/2023\/12\/puremoroccotrips-1.png","width":1000,"height":1000,"caption":"Pure Morocco Trips - Marrakech tours - Casablanca Tours - Fes Tours - Tangier Tours - Agadir Tours"},"image":{"@id":"https:\/\/puremoroccotrips.com\/es\/#\/schema\/logo\/image\/"},"sameAs":["https:\/\/web.facebook.com\/puremoroccotrips","https:\/\/www.instagram.com\/pure_morocco_trips\/","https:\/\/www.linkedin.com\/in\/pure-morocco-trips-72a760115?trk=pulse-det-athr_prof-art_hdr"]}]}},"_links":{"self":[{"href":"https:\/\/puremoroccotrips.com\/es\/wp-json\/wp\/v2\/product\/1149","targetHints":{"allow":["GET"]}}],"collection":[{"href":"https:\/\/puremoroccotrips.com\/es\/wp-json\/wp\/v2\/product"}],"about":[{"href":"https:\/\/puremoroccotrips.com\/es\/wp-json\/wp\/v2\/types\/product"}],"wp:featuredmedia":[{"embeddable":true,"href":"https:\/\/puremoroccotrips.com\/es\/wp-json\/wp\/v2\/media\/1151"}],"wp:attachment":[{"href":"https:\/\/puremoroccotrips.com\/es\/wp-json\/wp\/v2\/media?parent=1149"}],"wp:term":[{"taxonomy":"product_brand","embeddable":true,"href":"https:\/\/puremoroccotrips.com\/es\/wp-json\/wp\/v2\/product_brand?post=1149"},{"taxonomy":"product_cat","embeddable":true,"href":"https:\/\/puremoroccotrips.com\/es\/wp-json\/wp\/v2\/product_cat?post=1149"},{"taxonomy":"product_tag","embeddable":true,"href":"https:\/\/puremoroccotrips.com\/es\/wp-json\/wp\/v2\/product_tag?post=1149"}],"curies":[{"name":"wp","href":"https:\/\/api.w.org\/{rel}","templated":true}]}}