{"id":1147,"date":"2023-11-29T19:16:18","date_gmt":"2023-11-29T19:16:18","guid":{"rendered":"https:\/\/puremoroccotrips.com\/es\/?post_type=product&#038;p=1147"},"modified":"2026-01-29T20:34:31","modified_gmt":"2026-01-29T20:34:31","slug":"tour-de-8-dias-desde-casablanca-a-marrakech-via-desierto-del-sahara","status":"publish","type":"product","link":"https:\/\/puremoroccotrips.com\/es\/tours\/tour-de-8-dias-desde-casablanca-a-marrakech-via-desierto-del-sahara","title":{"rendered":"Tour de 8 Dias desde Casablanca a Marrakech via Desierto del Sahara"},"content":{"rendered":"<div class=\"wpb-content-wrapper\"><p>[vc_row][vc_column][vc_column_text css=&#8221;&#8221;]<\/p>\n<h3 data-sourcepos=\"1:1-1:79\">Descubriendo la Majestuosidad de Marruecos: El Mejor Tour de 8 D\u00edas desde Casablanca a Marrakech v\u00eda el Desierto del Sahara<\/h3>\n<p data-sourcepos=\"3:1-3:278\">Emb\u00e1rquese en un inolvidable <a href=\"https:\/\/puremoroccotrips.com\/morocco-desert-tours\/best-8-days-tour-from-casablanca-to-marrakech-via-desert-sahara\/\">Mejor Tour de 8 D\u00edas desde Casablanca a Marrakech v\u00eda el Desierto del Sahara<\/a> a trav\u00e9s de Marruecos, combinando a la perfecci\u00f3n la vibrante cultura y la rica historia del pa\u00eds con las maravillas del desierto del Sahara. Explore bulliciosas ciudades imperiales, contemple paisajes impresionantes y cree recuerdos duraderos en el vasto desierto.<\/p>\n<h4>Explore las Joyas Hist\u00f3ricas de Marruecos: Un Viaje a Trav\u00e9s del Tiempo<\/h4>\n<p data-sourcepos=\"7:1-7:122\">Sum\u00e9rjase en el fascinante pasado de Marruecos visitando sus renombradas ciudades imperiales, cada una con un car\u00e1cter \u00fanico:<\/p>\n<p data-sourcepos=\"9:3-9:106\"><strong>Rabat:<\/strong> Ad\u00e9ntrese en la bulliciosa capital, maravill\u00e1ndose con la obra maestra arquitect\u00f3nica, la Mezquita Hassan II.<\/p>\n<p data-sourcepos=\"11:3-11:141\"><strong>Meknes:<\/strong> Retroceda en el tiempo en Meknes, sitio declarado Patrimonio de la Humanidad por la UNESCO. Explore los intrincados detalles de la Plaza Lahdim y la Gran Mezquita.<\/p>\n<p data-sourcepos=\"13:3-13:152\"><strong>Fez:<\/strong> Recorra las laber\u00ednticas calles de Fez, el coraz\u00f3n espiritual de Marruecos. Visite la emblem\u00e1tica Puerta Bab Boujloud y la hist\u00f3rica Mezquita Karaouine.<\/p>\n<h4 data-sourcepos=\"15:1-15:72\">Contemple Contrastes Impresionantes: De las Ciudades Imperiales a las Arenas del Desierto<\/h4>\n<p data-sourcepos=\"17:1-17:82\">Avent\u00farese m\u00e1s all\u00e1 de las ciudades imperiales y descubra la belleza contrastante de Marruecos:<\/p>\n<p data-sourcepos=\"19:3-19:169\"><strong>Desierto del Sahara:<\/strong> Prep\u00e1rese para quedar cautivado por la inmensidad del desierto del Sahara. Viaje a trav\u00e9s de los paisajes \u00fanicos del Sahara de Foum Zguid y el Valle del Draa.<\/p>\n<p data-sourcepos=\"21:3-21:99\"><strong>Merzouga:<\/strong> Explore la puerta de entrada al Sahara, Merzouga. Aqu\u00ed, le esperan experiencias inolvidables:<\/p>\n<ul>\n<li style=\"list-style-type: none;\">\n<ul data-sourcepos=\"23:5-26:0\">\n<li data-sourcepos=\"23:5-23:133\"><strong>Dunas de Erg Chebbi:<\/strong> Se ha embarcado en una emocionante aventura a trav\u00e9s de las dunas doradas, un paisaje majestuoso esculpido por el viento y el tiempo.<\/li>\n<li data-sourcepos=\"24:5-24:135\"><strong>Cultura Bereber:<\/strong> Visite familias n\u00f3madas y aprecie m\u00e1s profundamente la cultura marroqu\u00ed conociendo su estilo de vida.<\/li>\n<li data-sourcepos=\"24:5-24:135\"><strong>Noche Bajo las Estrellas:<\/strong> Pase una noche m\u00e1gica en un campamento en el desierto, contemplando un manto de estrellas en el claro cielo del desierto. Sin duda, este ser\u00e1 uno de los momentos m\u00e1s destacados de su viaje.<\/li>\n<\/ul>\n<\/li>\n<\/ul>\n<h4 data-sourcepos=\"27:1-27:65\">Viaje a Trav\u00e9s de las Gargantas del Dades y del Todra: Maravillas Naturales le Esperan<\/h4>\n<p><strong>Gargantas del Dades y del Todra:<\/strong> Sea testigo de la espectacular belleza de las Gargantas del Dades y del Todra, esculpidas por millones de a\u00f1os de erosi\u00f3n. Estas maravillas naturales ofrecen paisajes impresionantes e infinitas oportunidades para la fotograf\u00eda.<\/p>\n<h4 data-sourcepos=\"31:1-31:61\">Descubriendo el Encanto de Marrakech: Un Final Vibrante<\/h4>\n<p><strong>Marrakech:<\/strong> Sum\u00e9rjase en la energ\u00eda vibrante de Marrakech, la &#8220;Ciudad Roja&#8221;. Explore los bulliciosos zocos, marav\u00edllese con prodigios arquitect\u00f3nicos como el Palacio El Badi y las Tumbas Saad\u00edes, y encuentre la tranquilidad en el Jard\u00edn Majorelle.<\/p>\n<p data-sourcepos=\"35:1-35:263\">\u00danase a nosotros en esta extraordinaria <a href=\"https:\/\/puremoroccotrips.com\/morocco-desert-tours\/best-8-days-tour-from-casablanca-to-marrakech-via-desert-sahara\/\">aventura de 8 d\u00edas de Casablanca a Marrakech<\/a> y descubra lo mejor de Marruecos. Este viaje inolvidable promete una mezcla perfecta de inmersi\u00f3n cultural, exploraci\u00f3n hist\u00f3rica, paisajes impresionantes y momentos de relajaci\u00f3n.<\/p>\n<table class=\"tours-tabs_table\">\n<tbody>\n<tr>\n<td><strong>Punto de Inicio<\/strong><\/td>\n<td>Desde Casablanca<\/td>\n<\/tr>\n<tr>\n<td><strong>Punto de Finalizaci\u00f3n<\/strong><\/td>\n<td>Hacia Casablanca<\/td>\n<\/tr>\n<tr>\n<td><strong>INCLUIDO<\/strong><\/td>\n<td>\n<table style=\"height: 95px;\" width=\"256\">\n<tbody>\n<tr>\n<td><i class=\"fa fa-check icon-tick icon-tick--on\"><\/i>Tour en un veh\u00edculo 4&#215;4\/Van con aire acondicionado.<\/td>\n<\/tr>\n<tr>\n<td><i class=\"fa fa-check icon-tick icon-tick--on\"><\/i>Combustible.<\/td>\n<\/tr>\n<tr>\n<td><i class=\"fa fa-check icon-tick icon-tick--on\"><\/i>Conductor\/Gu\u00eda.<\/td>\n<\/tr>\n<tr>\n<td><i class=\"fa fa-check icon-tick icon-tick--on\"><\/i>6 noches en un Hotel o Riad (Cena y Desayuno).<\/td>\n<\/tr>\n<tr>\n<td><i class=\"fa fa-check icon-tick icon-tick--on\"><\/i>1 noche en un campamento de lujo en el desierto (Cena y Desayuno).<\/td>\n<\/tr>\n<tr>\n<td><i class=\"fa fa-check icon-tick icon-tick--on\"><\/i>Excursi\u00f3n en camello (un camello por persona).<\/td>\n<\/tr>\n<tr>\n<td><i class=\"fa fa-check icon-tick icon-tick--on\"><\/i>Visita guiada de Fez.<\/td>\n<\/tr>\n<tr>\n<td><i class=\"fa fa-check icon-tick icon-tick--on\"><\/i>Visita guiada de Marrakech.<\/td>\n<\/tr>\n<\/tbody>\n<\/table>\n<\/td>\n<\/tr>\n<tr>\n<td><b>EXCLUIDO<\/b><\/td>\n<td>\n<table>\n<tbody>\n<tr>\n<td><i class=\"fa fa-times icon-tick icon-tick--off\"><\/i>Almuerzos.<\/td>\n<\/tr>\n<tr>\n<td><i class=\"fa fa-times icon-tick icon-tick--off\"><\/i>Bebidas.<\/td>\n<\/tr>\n<tr>\n<td><i class=\"fa fa-times icon-tick icon-tick--off\"><\/i>Extras.<\/td>\n<\/tr>\n<tr>\n<td><i class=\"fa fa-times icon-tick icon-tick--off\"><\/i>Entradas, otros gastos personales y propinas.<\/td>\n<\/tr>\n<\/tbody>\n<\/table>\n<\/td>\n<\/tr>\n<\/tbody>\n<\/table>\n<p>[\/vc_column_text][\/vc_column][\/vc_row]<\/p>\n<\/div>","protected":false},"excerpt":{"rendered":"<p>Reserva el Tour Privado de 8 Dias y el Tour Magico de Marruecos desde Casablanca, el itinerario mas solicitado. Durante el tour&#8230;<\/p>\n","protected":false},"featured_media":1148,"template":"","meta":{"_monsterinsights_skip_tracking":false,"_monsterinsights_sitenote_active":false,"_monsterinsights_sitenote_note":"","_monsterinsights_sitenote_category":0,"_uf_show_specific_survey":0,"_uf_disable_surveys":false},"product_brand":[],"product_cat":[37],"product_tag":[],"class_list":{"0":"post-1147","1":"product","2":"type-product","3":"status-publish","4":"has-post-thumbnail","6":"product_cat-tours-desde-casablanca","7":"tour_phys-tours-desde-casablanca","9":"first","10":"instock","11":"shipping-taxable","12":"product-type-tour_phys"},"yoast_head":"<!-- This site is optimized with the Yoast SEO plugin v26.8 - https:\/\/yoast.com\/product\/yoast-seo-wordpress\/ -->\n<title>8 Days Tour From Casablanca To Marrakech Via Desert Sahara<\/title>\n<meta name=\"description\" content=\"Disfruta con nosotros el Mejor Tour de 8 Dias desde Casablanca a Marrakech via Desierto del Sahara, Tour por el Desierto desde Casablanca, Viaje Cultural, Recorrido por Sitios Historicos. Paseo en Camello\" \/>\n<meta name=\"robots\" content=\"index, follow, max-snippet:-1, max-image-preview:large, max-video-preview:-1\" \/>\n<link rel=\"canonical\" href=\"https:\/\/puremoroccotrips.com\/es\/tours\/tour-de-8-dias-desde-casablanca-a-marrakech-via-desierto-del-sahara\" \/>\n<meta property=\"og:locale\" content=\"en_US\" \/>\n<meta property=\"og:type\" content=\"article\" \/>\n<meta property=\"og:title\" content=\"8 Days Tour From Casablanca To Marrakech Via Desert Sahara\" \/>\n<meta property=\"og:description\" content=\"Disfruta con nosotros el Mejor Tour de 8 Dias desde Casablanca a Marrakech via Desierto del Sahara, Tour por el Desierto desde Casablanca, Viaje Cultural, Recorrido por Sitios Historicos. Paseo en Camello\" \/>\n<meta property=\"og:url\" content=\"https:\/\/puremoroccotrips.com\/es\/tours\/tour-de-8-dias-desde-casablanca-a-marrakech-via-desierto-del-sahara\" \/>\n<meta property=\"article:publisher\" content=\"https:\/\/web.facebook.com\/puremoroccotrips\" \/>\n<meta property=\"article:modified_time\" content=\"2026-01-29T20:34:31+00:00\" \/>\n<meta property=\"og:image\" content=\"https:\/\/puremoroccotrips.com\/es\/wp-content\/uploads\/2023\/11\/Days-Tour-From-Casablanca-To-Marrakech-Via-Desert-Sahara.jpg\" \/>\n\t<meta property=\"og:image:width\" content=\"900\" \/>\n\t<meta property=\"og:image:height\" content=\"600\" \/>\n\t<meta property=\"og:image:type\" content=\"image\/jpeg\" \/>\n<meta name=\"twitter:card\" content=\"summary_large_image\" \/>\n<meta name=\"twitter:label1\" content=\"Est. reading time\" \/>\n\t<meta name=\"twitter:data1\" content=\"3 minutes\" \/>\n<script type=\"application\/ld+json\" class=\"yoast-schema-graph\">{\"@context\":\"https:\/\/schema.org\",\"@graph\":[{\"@type\":\"WebPage\",\"@id\":\"https:\/\/puremoroccotrips.com\/es\/tours\/tour-de-8-dias-desde-casablanca-a-marrakech-via-desierto-del-sahara\",\"url\":\"https:\/\/puremoroccotrips.com\/es\/tours\/tour-de-8-dias-desde-casablanca-a-marrakech-via-desierto-del-sahara\",\"name\":\"8 Days Tour From Casablanca To Marrakech Via Desert Sahara\",\"isPartOf\":{\"@id\":\"https:\/\/puremoroccotrips.com\/es\/#website\"},\"primaryImageOfPage\":{\"@id\":\"https:\/\/puremoroccotrips.com\/es\/tours\/tour-de-8-dias-desde-casablanca-a-marrakech-via-desierto-del-sahara#primaryimage\"},\"image\":{\"@id\":\"https:\/\/puremoroccotrips.com\/es\/tours\/tour-de-8-dias-desde-casablanca-a-marrakech-via-desierto-del-sahara#primaryimage\"},\"thumbnailUrl\":\"https:\/\/puremoroccotrips.com\/es\/wp-content\/uploads\/2023\/11\/Days-Tour-From-Casablanca-To-Marrakech-Via-Desert-Sahara.jpg\",\"datePublished\":\"2023-11-29T19:16:18+00:00\",\"dateModified\":\"2026-01-29T20:34:31+00:00\",\"description\":\"Disfruta con nosotros el Mejor Tour de 8 Dias desde Casablanca a Marrakech via Desierto del Sahara, Tour por el Desierto desde Casablanca, Viaje Cultural, Recorrido por Sitios Historicos. Paseo en Camello\",\"breadcrumb\":{\"@id\":\"https:\/\/puremoroccotrips.com\/es\/tours\/tour-de-8-dias-desde-casablanca-a-marrakech-via-desierto-del-sahara#breadcrumb\"},\"inLanguage\":\"en-US\",\"potentialAction\":[{\"@type\":\"ReadAction\",\"target\":[\"https:\/\/puremoroccotrips.com\/es\/tours\/tour-de-8-dias-desde-casablanca-a-marrakech-via-desierto-del-sahara\"]}]},{\"@type\":\"ImageObject\",\"inLanguage\":\"en-US\",\"@id\":\"https:\/\/puremoroccotrips.com\/es\/tours\/tour-de-8-dias-desde-casablanca-a-marrakech-via-desierto-del-sahara#primaryimage\",\"url\":\"https:\/\/puremoroccotrips.com\/es\/wp-content\/uploads\/2023\/11\/Days-Tour-From-Casablanca-To-Marrakech-Via-Desert-Sahara.jpg\",\"contentUrl\":\"https:\/\/puremoroccotrips.com\/es\/wp-content\/uploads\/2023\/11\/Days-Tour-From-Casablanca-To-Marrakech-Via-Desert-Sahara.jpg\",\"width\":900,\"height\":600,\"caption\":\"Tour de 8 Dias desde Casablanca a Marrakech via Desierto del Sahara\"},{\"@type\":\"BreadcrumbList\",\"@id\":\"https:\/\/puremoroccotrips.com\/es\/tours\/tour-de-8-dias-desde-casablanca-a-marrakech-via-desierto-del-sahara#breadcrumb\",\"itemListElement\":[{\"@type\":\"ListItem\",\"position\":1,\"name\":\"Home\",\"item\":\"https:\/\/puremoroccotrips.com\/es\/\"},{\"@type\":\"ListItem\",\"position\":2,\"name\":\"Products\",\"item\":\"https:\/\/puremoroccotrips.com\/es\/shop\/\"},{\"@type\":\"ListItem\",\"position\":3,\"name\":\"Tour de 8 Dias desde Casablanca a Marrakech via Desierto del Sahara\"}]},{\"@type\":\"WebSite\",\"@id\":\"https:\/\/puremoroccotrips.com\/es\/#website\",\"url\":\"https:\/\/puremoroccotrips.com\/es\/\",\"name\":\"Pure Morocco Trips - Marrakech tours - Casablanca Tours - Fes Tours - Tangier Tours - Agadir Tours\",\"description\":\"Your Best Way To Travel in Morocco\",\"publisher\":{\"@id\":\"https:\/\/puremoroccotrips.com\/es\/#organization\"},\"potentialAction\":[{\"@type\":\"SearchAction\",\"target\":{\"@type\":\"EntryPoint\",\"urlTemplate\":\"https:\/\/puremoroccotrips.com\/es\/?s={search_term_string}\"},\"query-input\":{\"@type\":\"PropertyValueSpecification\",\"valueRequired\":true,\"valueName\":\"search_term_string\"}}],\"inLanguage\":\"en-US\"},{\"@type\":\"Organization\",\"@id\":\"https:\/\/puremoroccotrips.com\/es\/#organization\",\"name\":\"Pure Morocco Trips - Marrakech tours - Casablanca Tours - Fes Tours - Tangier Tours - Agadir Tours\",\"url\":\"https:\/\/puremoroccotrips.com\/es\/\",\"logo\":{\"@type\":\"ImageObject\",\"inLanguage\":\"en-US\",\"@id\":\"https:\/\/puremoroccotrips.com\/es\/#\/schema\/logo\/image\/\",\"url\":\"https:\/\/puremoroccotrips.com\/es\/wp-content\/uploads\/2023\/12\/puremoroccotrips-1.png\",\"contentUrl\":\"https:\/\/puremoroccotrips.com\/es\/wp-content\/uploads\/2023\/12\/puremoroccotrips-1.png\",\"width\":1000,\"height\":1000,\"caption\":\"Pure Morocco Trips - Marrakech tours - Casablanca Tours - Fes Tours - Tangier Tours - Agadir Tours\"},\"image\":{\"@id\":\"https:\/\/puremoroccotrips.com\/es\/#\/schema\/logo\/image\/\"},\"sameAs\":[\"https:\/\/web.facebook.com\/puremoroccotrips\",\"https:\/\/www.instagram.com\/pure_morocco_trips\/\",\"https:\/\/www.linkedin.com\/in\/pure-morocco-trips-72a760115?trk=pulse-det-athr_prof-art_hdr\"]}]}<\/script>\n<!-- \/ Yoast SEO plugin. -->","yoast_head_json":{"title":"8 Days Tour From Casablanca To Marrakech Via Desert Sahara","description":"Disfruta con nosotros el Mejor Tour de 8 Dias desde Casablanca a Marrakech via Desierto del Sahara, Tour por el Desierto desde Casablanca, Viaje Cultural, Recorrido por Sitios Historicos. Paseo en Camello","robots":{"index":"index","follow":"follow","max-snippet":"max-snippet:-1","max-image-preview":"max-image-preview:large","max-video-preview":"max-video-preview:-1"},"canonical":"https:\/\/puremoroccotrips.com\/es\/tours\/tour-de-8-dias-desde-casablanca-a-marrakech-via-desierto-del-sahara","og_locale":"en_US","og_type":"article","og_title":"8 Days Tour From Casablanca To Marrakech Via Desert Sahara","og_description":"Disfruta con nosotros el Mejor Tour de 8 Dias desde Casablanca a Marrakech via Desierto del Sahara, Tour por el Desierto desde Casablanca, Viaje Cultural, Recorrido por Sitios Historicos. Paseo en Camello","og_url":"https:\/\/puremoroccotrips.com\/es\/tours\/tour-de-8-dias-desde-casablanca-a-marrakech-via-desierto-del-sahara","article_publisher":"https:\/\/web.facebook.com\/puremoroccotrips","article_modified_time":"2026-01-29T20:34:31+00:00","og_image":[{"width":900,"height":600,"url":"https:\/\/puremoroccotrips.com\/es\/wp-content\/uploads\/2023\/11\/Days-Tour-From-Casablanca-To-Marrakech-Via-Desert-Sahara.jpg","type":"image\/jpeg"}],"twitter_card":"summary_large_image","twitter_misc":{"Est. reading time":"3 minutes"},"schema":{"@context":"https:\/\/schema.org","@graph":[{"@type":"WebPage","@id":"https:\/\/puremoroccotrips.com\/es\/tours\/tour-de-8-dias-desde-casablanca-a-marrakech-via-desierto-del-sahara","url":"https:\/\/puremoroccotrips.com\/es\/tours\/tour-de-8-dias-desde-casablanca-a-marrakech-via-desierto-del-sahara","name":"8 Days Tour From Casablanca To Marrakech Via Desert Sahara","isPartOf":{"@id":"https:\/\/puremoroccotrips.com\/es\/#website"},"primaryImageOfPage":{"@id":"https:\/\/puremoroccotrips.com\/es\/tours\/tour-de-8-dias-desde-casablanca-a-marrakech-via-desierto-del-sahara#primaryimage"},"image":{"@id":"https:\/\/puremoroccotrips.com\/es\/tours\/tour-de-8-dias-desde-casablanca-a-marrakech-via-desierto-del-sahara#primaryimage"},"thumbnailUrl":"https:\/\/puremoroccotrips.com\/es\/wp-content\/uploads\/2023\/11\/Days-Tour-From-Casablanca-To-Marrakech-Via-Desert-Sahara.jpg","datePublished":"2023-11-29T19:16:18+00:00","dateModified":"2026-01-29T20:34:31+00:00","description":"Disfruta con nosotros el Mejor Tour de 8 Dias desde Casablanca a Marrakech via Desierto del Sahara, Tour por el Desierto desde Casablanca, Viaje Cultural, Recorrido por Sitios Historicos. Paseo en Camello","breadcrumb":{"@id":"https:\/\/puremoroccotrips.com\/es\/tours\/tour-de-8-dias-desde-casablanca-a-marrakech-via-desierto-del-sahara#breadcrumb"},"inLanguage":"en-US","potentialAction":[{"@type":"ReadAction","target":["https:\/\/puremoroccotrips.com\/es\/tours\/tour-de-8-dias-desde-casablanca-a-marrakech-via-desierto-del-sahara"]}]},{"@type":"ImageObject","inLanguage":"en-US","@id":"https:\/\/puremoroccotrips.com\/es\/tours\/tour-de-8-dias-desde-casablanca-a-marrakech-via-desierto-del-sahara#primaryimage","url":"https:\/\/puremoroccotrips.com\/es\/wp-content\/uploads\/2023\/11\/Days-Tour-From-Casablanca-To-Marrakech-Via-Desert-Sahara.jpg","contentUrl":"https:\/\/puremoroccotrips.com\/es\/wp-content\/uploads\/2023\/11\/Days-Tour-From-Casablanca-To-Marrakech-Via-Desert-Sahara.jpg","width":900,"height":600,"caption":"Tour de 8 Dias desde Casablanca a Marrakech via Desierto del Sahara"},{"@type":"BreadcrumbList","@id":"https:\/\/puremoroccotrips.com\/es\/tours\/tour-de-8-dias-desde-casablanca-a-marrakech-via-desierto-del-sahara#breadcrumb","itemListElement":[{"@type":"ListItem","position":1,"name":"Home","item":"https:\/\/puremoroccotrips.com\/es\/"},{"@type":"ListItem","position":2,"name":"Products","item":"https:\/\/puremoroccotrips.com\/es\/shop\/"},{"@type":"ListItem","position":3,"name":"Tour de 8 Dias desde Casablanca a Marrakech via Desierto del Sahara"}]},{"@type":"WebSite","@id":"https:\/\/puremoroccotrips.com\/es\/#website","url":"https:\/\/puremoroccotrips.com\/es\/","name":"Pure Morocco Trips - Marrakech tours - Casablanca Tours - Fes Tours - Tangier Tours - Agadir Tours","description":"Your Best Way To Travel in Morocco","publisher":{"@id":"https:\/\/puremoroccotrips.com\/es\/#organization"},"potentialAction":[{"@type":"SearchAction","target":{"@type":"EntryPoint","urlTemplate":"https:\/\/puremoroccotrips.com\/es\/?s={search_term_string}"},"query-input":{"@type":"PropertyValueSpecification","valueRequired":true,"valueName":"search_term_string"}}],"inLanguage":"en-US"},{"@type":"Organization","@id":"https:\/\/puremoroccotrips.com\/es\/#organization","name":"Pure Morocco Trips - Marrakech tours - Casablanca Tours - Fes Tours - Tangier Tours - Agadir Tours","url":"https:\/\/puremoroccotrips.com\/es\/","logo":{"@type":"ImageObject","inLanguage":"en-US","@id":"https:\/\/puremoroccotrips.com\/es\/#\/schema\/logo\/image\/","url":"https:\/\/puremoroccotrips.com\/es\/wp-content\/uploads\/2023\/12\/puremoroccotrips-1.png","contentUrl":"https:\/\/puremoroccotrips.com\/es\/wp-content\/uploads\/2023\/12\/puremoroccotrips-1.png","width":1000,"height":1000,"caption":"Pure Morocco Trips - Marrakech tours - Casablanca Tours - Fes Tours - Tangier Tours - Agadir Tours"},"image":{"@id":"https:\/\/puremoroccotrips.com\/es\/#\/schema\/logo\/image\/"},"sameAs":["https:\/\/web.facebook.com\/puremoroccotrips","https:\/\/www.instagram.com\/pure_morocco_trips\/","https:\/\/www.linkedin.com\/in\/pure-morocco-trips-72a760115?trk=pulse-det-athr_prof-art_hdr"]}]}},"_links":{"self":[{"href":"https:\/\/puremoroccotrips.com\/es\/wp-json\/wp\/v2\/product\/1147","targetHints":{"allow":["GET"]}}],"collection":[{"href":"https:\/\/puremoroccotrips.com\/es\/wp-json\/wp\/v2\/product"}],"about":[{"href":"https:\/\/puremoroccotrips.com\/es\/wp-json\/wp\/v2\/types\/product"}],"wp:featuredmedia":[{"embeddable":true,"href":"https:\/\/puremoroccotrips.com\/es\/wp-json\/wp\/v2\/media\/1148"}],"wp:attachment":[{"href":"https:\/\/puremoroccotrips.com\/es\/wp-json\/wp\/v2\/media?parent=1147"}],"wp:term":[{"taxonomy":"product_brand","embeddable":true,"href":"https:\/\/puremoroccotrips.com\/es\/wp-json\/wp\/v2\/product_brand?post=1147"},{"taxonomy":"product_cat","embeddable":true,"href":"https:\/\/puremoroccotrips.com\/es\/wp-json\/wp\/v2\/product_cat?post=1147"},{"taxonomy":"product_tag","embeddable":true,"href":"https:\/\/puremoroccotrips.com\/es\/wp-json\/wp\/v2\/product_tag?post=1147"}],"curies":[{"name":"wp","href":"https:\/\/api.w.org\/{rel}","templated":true}]}}