{"id":1145,"date":"2023-11-29T18:38:47","date_gmt":"2023-11-29T18:38:47","guid":{"rendered":"https:\/\/puremoroccotrips.com\/es\/?post_type=product&#038;p=1145"},"modified":"2026-01-29T20:39:50","modified_gmt":"2026-01-29T20:39:50","slug":"mejor-tour-privado-de-8-dias-y-tour-magico-de-marruecos","status":"publish","type":"product","link":"https:\/\/puremoroccotrips.com\/es\/tours\/mejor-tour-privado-de-8-dias-y-tour-magico-de-marruecos","title":{"rendered":"Mejor Tour Privado de 8 Dias y Tour Magico de Marruecos"},"content":{"rendered":"<div class=\"wpb-content-wrapper\"><p>[vc_row][vc_column][vc_column_text css=&#8221;&#8221;]<\/p>\n<h3 data-sourcepos=\"3:1-3:67\">Descubriendo la Magia de Marruecos: El Mejor Tour Privado de 8 D\u00edas por Marruecos desde Casablanca<\/h3>\n<p data-sourcepos=\"5:1-5:294\">Emb\u00e1rquese en un inolvidable <a href=\"https:\/\/puremoroccotrips.com\/morocco-desert-tours\/best-8-days-private-tour-and-magic-morocco-tour-from-casablanca\/\">Mejor Tour Privado de 8 D\u00edas por Marruecos desde Casablanca<\/a> a trav\u00e9s de Marruecos, un viaje repleto de inmersi\u00f3n cultural, exploraci\u00f3n hist\u00f3rica y paisajes impresionantes. Este tour &#8220;Marruecos M\u00e1gico&#8221;, una opci\u00f3n popular entre los viajeros, le lleva al coraz\u00f3n de los lugares m\u00e1s cautivadores del pa\u00eds.<\/p>\n<h4 data-sourcepos=\"7:1-7:61\">Explore las Ciudades Imperiales de Marruecos: Un Viaje a Trav\u00e9s del Tiempo<\/h4>\n<p data-sourcepos=\"9:1-9:188\">Su aventura comienza en Casablanca, la ciudad m\u00e1s grande de Marruecos. Aqu\u00ed, puede elegir visitar la <a href=\"https:\/\/en.wikipedia.org\/wiki\/Hassan_II_Mosque\" target=\"_blank\" rel=\"noopener\">Mezquita Hassan II<\/a>, una maravilla arquitect\u00f3nica que domina el Oc\u00e9ano Atl\u00e1ntico. (Actividad opcional)<\/p>\n<p data-sourcepos=\"11:3-11:191\"><strong>Rabat:<\/strong> Sum\u00e9rjase en la bulliciosa capital, Rabat. Marav\u00edllese con los intrincados detalles de la Torre Hassan y explore la Kasbah de los Udayas, que ofrece vistas panor\u00e1micas del r\u00edo Bou Regreg.<\/p>\n<p data-sourcepos=\"13:3-13:265\"><strong>Meknes:<\/strong> Retroceda en el tiempo en Meknes, sitio declarado Patrimonio de la Humanidad por la UNESCO. Explore la vasta e impresionante Puerta Bab Mansour, s\u00edmbolo de la pasada grandeza de la ciudad. Pasee por la animada Plaza Lahdim y admire la intrincada arquitectura de la Madraza Bou Inania.<\/p>\n<p data-sourcepos=\"15:3-15:290\"><strong>Fez:<\/strong> Pi\u00e9rdase en las laber\u00ednticas calles de Fez, el coraz\u00f3n espiritual de Marruecos. Explore la hist\u00f3rica Universidad Al-Karaouine, una de las universidades m\u00e1s antiguas del mundo. Sorpr\u00e9ndase con los colorivos mosaicos y la energ\u00eda vibrante de la Curtidur\u00eda Chouara, sitio declarado Patrimonio de la Humanidad por la UNESCO.<\/p>\n<h4 data-sourcepos=\"17:1-17:72\">Contemple Contrastes Impresionantes: De las Ciudades Imperiales a las Arenas del Desierto<\/h4>\n<p data-sourcepos=\"19:1-19:82\">Avent\u00farese m\u00e1s all\u00e1 de las ciudades imperiales y descubra la belleza contrastante de Marruecos:<\/p>\n<p data-sourcepos=\"21:3-21:226\"><strong>Desierto del Sahara:<\/strong> Prep\u00e1rese para quedar cautivado por la inmensidad del desierto del Sahara. Viaje a trav\u00e9s de los paisajes \u00fanicos del Sahara de Foum Zguid y del Valle del Draa, salpicados de palmerales y pueblos bereberes tradicionales.<\/p>\n<p data-sourcepos=\"23:3-23:99\"><strong>Merzouga:<\/strong> Explore Merzouga, la puerta de entrada al Sahara. Aqu\u00ed, le esperan experiencias inolvidables:<\/p>\n<ul>\n<li style=\"list-style-type: none;\">\n<ul data-sourcepos=\"25:5-28:0\">\n<li data-sourcepos=\"25:5-25:151\"><strong>Dunas de Erg Chebbi:<\/strong> Emb\u00e1rquese en una emocionante excursi\u00f3n en camello o en una aventura en 4&#215;4 por las dunas doradas, un paisaje majestuoso esculpido por el viento y el tiempo.<\/li>\n<li data-sourcepos=\"26:5-26:161\"><strong>Experimente la Cultura Bereber:<\/strong> Visite familias n\u00f3madas y aprecie m\u00e1s profundamente la cultura marroqu\u00ed conociendo sus tradiciones y estilo de vida.<\/li>\n<li data-sourcepos=\"27:5-28:0\"><strong>Noche Bajo las Estrellas:<\/strong> Pase una noche m\u00e1gica en un lujoso campamento en el desierto, contemplando un manto de estrellas en el claro cielo del desierto. Sin duda, este ser\u00e1 uno de los momentos m\u00e1s destacados de su viaje.<\/li>\n<\/ul>\n<\/li>\n<\/ul>\n<h4 data-sourcepos=\"29:1-29:65\">Viaje a Trav\u00e9s de las Gargantas del Dades y del Todra: Maravillas Naturales le Esperan<\/h4>\n<p><strong>Gargantas del Dades y del Todra:<\/strong> Sea testigo de la espectacular belleza de las Gargantas del Dades y del Todra, esculpidas por millones de a\u00f1os de erosi\u00f3n. Estas maravillas naturales ofrecen paisajes impresionantes e infinitas oportunidades para la fotograf\u00eda.<\/p>\n<h4 data-sourcepos=\"33:1-33:61\">Descubriendo el Encanto de Marrakech: Un Final Vibrante<\/h4>\n<p><strong>Marrakech:<\/strong> Sum\u00e9rjase en la energ\u00eda vibrante de Marrakech, la &#8220;Ciudad Roja&#8221;. Explore los bulliciosos zocos, repletos de especias, alfombras y art\u00edculos artesanales. Marav\u00edllese con prodigios arquitect\u00f3nicos como el Palacio El Badi y las Tumbas Saad\u00edes, que muestran el arte marroqu\u00ed. Encuentre la tranquilidad en el Jard\u00edn Majorelle, un oasis vibrante en medio de la bulliciosa ciudad.<\/p>\n<p data-sourcepos=\"37:1-37:163\">Este <a href=\"https:\/\/puremoroccotrips.com\/morocco-desert-tours\/best-8-days-private-tour-and-magic-morocco-tour-from-casablanca\/\">tour privado de ocho d\u00edas desde Casablanca<\/a> es la forma perfecta de experimentar la magia de Marruecos. \u00a1Cont\u00e1ctenos hoy mismo para empezar a planificar su inolvidable aventura!<\/p>\n<table class=\"tours-tabs_table\">\n<tbody>\n<tr>\n<td><strong>Punto de Inicio<\/strong><\/td>\n<td>Desde Casablanca<\/td>\n<\/tr>\n<tr>\n<td><strong>Punto de Finalizaci\u00f3n<\/strong><\/td>\n<td>Hacia Casablanca<\/td>\n<\/tr>\n<tr>\n<td><strong>INCLUIDO<\/strong><\/td>\n<td>\n<table style=\"height: 95px;\" width=\"256\">\n<tbody>\n<tr>\n<td><i class=\"fa fa-check icon-tick icon-tick--on\"><\/i>Tour en un veh\u00edculo 4&#215;4\/Van con aire acondicionado.<\/td>\n<\/tr>\n<tr>\n<td><i class=\"fa fa-check icon-tick icon-tick--on\"><\/i>Combustible.<\/td>\n<\/tr>\n<tr>\n<td><i class=\"fa fa-check icon-tick icon-tick--on\"><\/i>Conductor\/Gu\u00eda.<\/td>\n<\/tr>\n<tr>\n<td><i class=\"fa fa-check icon-tick icon-tick--on\"><\/i>6 noches en un Hotel o Riad.<\/td>\n<\/tr>\n<tr>\n<td><i class=\"fa fa-check icon-tick icon-tick--on\"><\/i>1 noche en un campamento de lujo en el desierto.<\/td>\n<\/tr>\n<tr>\n<td><i class=\"fa fa-check icon-tick icon-tick--on\"><\/i>Paseo en camello (un camello por persona).<\/td>\n<\/tr>\n<tr>\n<td><i class=\"fa fa-check icon-tick icon-tick--on\"><\/i>Visita guiada de Fez.<\/td>\n<\/tr>\n<tr>\n<td><i class=\"fa fa-check icon-tick icon-tick--on\"><\/i>Visita guiada de Marrakech.<\/td>\n<\/tr>\n<\/tbody>\n<\/table>\n<\/td>\n<\/tr>\n<tr>\n<td><b>EXCLUIDO<\/b><\/td>\n<td>\n<table>\n<tbody>\n<tr>\n<td><i class=\"fa fa-times icon-tick icon-tick--off\"><\/i>Almuerzos.<\/td>\n<\/tr>\n<tr>\n<td><i class=\"fa fa-times icon-tick icon-tick--off\"><\/i>Bebidas.<\/td>\n<\/tr>\n<tr>\n<td><i class=\"fa fa-times icon-tick icon-tick--off\"><\/i>Extras.<\/td>\n<\/tr>\n<tr>\n<td><i class=\"fa fa-times icon-tick icon-tick--off\"><\/i>Entradas a monumentos, otros gastos personales y propinas.<\/td>\n<\/tr>\n<\/tbody>\n<\/table>\n<\/td>\n<\/tr>\n<\/tbody>\n<\/table>\n<p>[\/vc_column_text][\/vc_column][\/vc_row]<\/p>\n<\/div>","protected":false},"excerpt":{"rendered":"<p>Reserva el Tour Privado de 8 Dias y Tour Magico de Marruecos desde Casablanca, el itinerario mas solicitado. Durante el tour&#8230;<\/p>\n","protected":false},"featured_media":1090,"template":"","meta":{"_monsterinsights_skip_tracking":false,"_monsterinsights_sitenote_active":false,"_monsterinsights_sitenote_note":"","_monsterinsights_sitenote_category":0,"_uf_show_specific_survey":0,"_uf_disable_surveys":false},"product_brand":[],"product_cat":[37],"product_tag":[],"class_list":{"0":"post-1145","1":"product","2":"type-product","3":"status-publish","4":"has-post-thumbnail","6":"product_cat-tours-desde-casablanca","7":"tour_phys-tours-desde-casablanca","9":"first","10":"instock","11":"shipping-taxable","12":"product-type-tour_phys"},"yoast_head":"<!-- This site is optimized with the Yoast SEO plugin v26.8 - https:\/\/yoast.com\/product\/yoast-seo-wordpress\/ -->\n<title>Mejor Tour Privado de 8 Dias y Tour Magico de Marruecos<\/title>\n<meta name=\"description\" content=\"Reserva el Mejor Tour Privado de 8 Dias y Tour Magico de Marruecos desde Casablanca, Tour por el Desierto desde Casablanca, Viaje Cultural por Marruecos\" \/>\n<meta name=\"robots\" content=\"index, follow, max-snippet:-1, max-image-preview:large, max-video-preview:-1\" \/>\n<link rel=\"canonical\" href=\"https:\/\/puremoroccotrips.com\/es\/tours\/mejor-tour-privado-de-8-dias-y-tour-magico-de-marruecos\" \/>\n<meta property=\"og:locale\" content=\"en_US\" \/>\n<meta property=\"og:type\" content=\"article\" \/>\n<meta property=\"og:title\" content=\"Mejor Tour Privado de 8 Dias y Tour Magico de Marruecos\" \/>\n<meta property=\"og:description\" content=\"Reserva el Mejor Tour Privado de 8 Dias y Tour Magico de Marruecos desde Casablanca, Tour por el Desierto desde Casablanca, Viaje Cultural por Marruecos\" \/>\n<meta property=\"og:url\" content=\"https:\/\/puremoroccotrips.com\/es\/tours\/mejor-tour-privado-de-8-dias-y-tour-magico-de-marruecos\" \/>\n<meta property=\"article:publisher\" content=\"https:\/\/web.facebook.com\/puremoroccotrips\" \/>\n<meta property=\"article:modified_time\" content=\"2026-01-29T20:39:50+00:00\" \/>\n<meta property=\"og:image\" content=\"https:\/\/puremoroccotrips.com\/es\/wp-content\/uploads\/2023\/11\/morro-19.png\" \/>\n\t<meta property=\"og:image:width\" content=\"900\" \/>\n\t<meta property=\"og:image:height\" content=\"600\" \/>\n\t<meta property=\"og:image:type\" content=\"image\/png\" \/>\n<meta name=\"twitter:card\" content=\"summary_large_image\" \/>\n<meta name=\"twitter:label1\" content=\"Est. reading time\" \/>\n\t<meta name=\"twitter:data1\" content=\"3 minutes\" \/>\n<script type=\"application\/ld+json\" class=\"yoast-schema-graph\">{\"@context\":\"https:\/\/schema.org\",\"@graph\":[{\"@type\":\"WebPage\",\"@id\":\"https:\/\/puremoroccotrips.com\/es\/tours\/mejor-tour-privado-de-8-dias-y-tour-magico-de-marruecos\",\"url\":\"https:\/\/puremoroccotrips.com\/es\/tours\/mejor-tour-privado-de-8-dias-y-tour-magico-de-marruecos\",\"name\":\"Mejor Tour Privado de 8 Dias y Tour Magico de Marruecos\",\"isPartOf\":{\"@id\":\"https:\/\/puremoroccotrips.com\/es\/#website\"},\"primaryImageOfPage\":{\"@id\":\"https:\/\/puremoroccotrips.com\/es\/tours\/mejor-tour-privado-de-8-dias-y-tour-magico-de-marruecos#primaryimage\"},\"image\":{\"@id\":\"https:\/\/puremoroccotrips.com\/es\/tours\/mejor-tour-privado-de-8-dias-y-tour-magico-de-marruecos#primaryimage\"},\"thumbnailUrl\":\"https:\/\/puremoroccotrips.com\/es\/wp-content\/uploads\/2023\/11\/morro-19.png\",\"datePublished\":\"2023-11-29T18:38:47+00:00\",\"dateModified\":\"2026-01-29T20:39:50+00:00\",\"description\":\"Reserva el Mejor Tour Privado de 8 Dias y Tour Magico de Marruecos desde Casablanca, Tour por el Desierto desde Casablanca, Viaje Cultural por Marruecos\",\"breadcrumb\":{\"@id\":\"https:\/\/puremoroccotrips.com\/es\/tours\/mejor-tour-privado-de-8-dias-y-tour-magico-de-marruecos#breadcrumb\"},\"inLanguage\":\"en-US\",\"potentialAction\":[{\"@type\":\"ReadAction\",\"target\":[\"https:\/\/puremoroccotrips.com\/es\/tours\/mejor-tour-privado-de-8-dias-y-tour-magico-de-marruecos\"]}]},{\"@type\":\"ImageObject\",\"inLanguage\":\"en-US\",\"@id\":\"https:\/\/puremoroccotrips.com\/es\/tours\/mejor-tour-privado-de-8-dias-y-tour-magico-de-marruecos#primaryimage\",\"url\":\"https:\/\/puremoroccotrips.com\/es\/wp-content\/uploads\/2023\/11\/morro-19.png\",\"contentUrl\":\"https:\/\/puremoroccotrips.com\/es\/wp-content\/uploads\/2023\/11\/morro-19.png\",\"width\":900,\"height\":600,\"caption\":\"Mejor Tour Privado de 8 Dias y Tour Magico de Marruecos desde Casablanca\"},{\"@type\":\"BreadcrumbList\",\"@id\":\"https:\/\/puremoroccotrips.com\/es\/tours\/mejor-tour-privado-de-8-dias-y-tour-magico-de-marruecos#breadcrumb\",\"itemListElement\":[{\"@type\":\"ListItem\",\"position\":1,\"name\":\"Home\",\"item\":\"https:\/\/puremoroccotrips.com\/es\/\"},{\"@type\":\"ListItem\",\"position\":2,\"name\":\"Products\",\"item\":\"https:\/\/puremoroccotrips.com\/es\/shop\/\"},{\"@type\":\"ListItem\",\"position\":3,\"name\":\"Mejor Tour Privado de 8 Dias y Tour Magico de Marruecos\"}]},{\"@type\":\"WebSite\",\"@id\":\"https:\/\/puremoroccotrips.com\/es\/#website\",\"url\":\"https:\/\/puremoroccotrips.com\/es\/\",\"name\":\"Pure Morocco Trips - Marrakech tours - Casablanca Tours - Fes Tours - Tangier Tours - Agadir Tours\",\"description\":\"Your Best Way To Travel in Morocco\",\"publisher\":{\"@id\":\"https:\/\/puremoroccotrips.com\/es\/#organization\"},\"potentialAction\":[{\"@type\":\"SearchAction\",\"target\":{\"@type\":\"EntryPoint\",\"urlTemplate\":\"https:\/\/puremoroccotrips.com\/es\/?s={search_term_string}\"},\"query-input\":{\"@type\":\"PropertyValueSpecification\",\"valueRequired\":true,\"valueName\":\"search_term_string\"}}],\"inLanguage\":\"en-US\"},{\"@type\":\"Organization\",\"@id\":\"https:\/\/puremoroccotrips.com\/es\/#organization\",\"name\":\"Pure Morocco Trips - Marrakech tours - Casablanca Tours - Fes Tours - Tangier Tours - Agadir Tours\",\"url\":\"https:\/\/puremoroccotrips.com\/es\/\",\"logo\":{\"@type\":\"ImageObject\",\"inLanguage\":\"en-US\",\"@id\":\"https:\/\/puremoroccotrips.com\/es\/#\/schema\/logo\/image\/\",\"url\":\"https:\/\/puremoroccotrips.com\/es\/wp-content\/uploads\/2023\/12\/puremoroccotrips-1.png\",\"contentUrl\":\"https:\/\/puremoroccotrips.com\/es\/wp-content\/uploads\/2023\/12\/puremoroccotrips-1.png\",\"width\":1000,\"height\":1000,\"caption\":\"Pure Morocco Trips - Marrakech tours - Casablanca Tours - Fes Tours - Tangier Tours - Agadir Tours\"},\"image\":{\"@id\":\"https:\/\/puremoroccotrips.com\/es\/#\/schema\/logo\/image\/\"},\"sameAs\":[\"https:\/\/web.facebook.com\/puremoroccotrips\",\"https:\/\/www.instagram.com\/pure_morocco_trips\/\",\"https:\/\/www.linkedin.com\/in\/pure-morocco-trips-72a760115?trk=pulse-det-athr_prof-art_hdr\"]}]}<\/script>\n<!-- \/ Yoast SEO plugin. -->","yoast_head_json":{"title":"Mejor Tour Privado de 8 Dias y Tour Magico de Marruecos","description":"Reserva el Mejor Tour Privado de 8 Dias y Tour Magico de Marruecos desde Casablanca, Tour por el Desierto desde Casablanca, Viaje Cultural por Marruecos","robots":{"index":"index","follow":"follow","max-snippet":"max-snippet:-1","max-image-preview":"max-image-preview:large","max-video-preview":"max-video-preview:-1"},"canonical":"https:\/\/puremoroccotrips.com\/es\/tours\/mejor-tour-privado-de-8-dias-y-tour-magico-de-marruecos","og_locale":"en_US","og_type":"article","og_title":"Mejor Tour Privado de 8 Dias y Tour Magico de Marruecos","og_description":"Reserva el Mejor Tour Privado de 8 Dias y Tour Magico de Marruecos desde Casablanca, Tour por el Desierto desde Casablanca, Viaje Cultural por Marruecos","og_url":"https:\/\/puremoroccotrips.com\/es\/tours\/mejor-tour-privado-de-8-dias-y-tour-magico-de-marruecos","article_publisher":"https:\/\/web.facebook.com\/puremoroccotrips","article_modified_time":"2026-01-29T20:39:50+00:00","og_image":[{"width":900,"height":600,"url":"https:\/\/puremoroccotrips.com\/es\/wp-content\/uploads\/2023\/11\/morro-19.png","type":"image\/png"}],"twitter_card":"summary_large_image","twitter_misc":{"Est. reading time":"3 minutes"},"schema":{"@context":"https:\/\/schema.org","@graph":[{"@type":"WebPage","@id":"https:\/\/puremoroccotrips.com\/es\/tours\/mejor-tour-privado-de-8-dias-y-tour-magico-de-marruecos","url":"https:\/\/puremoroccotrips.com\/es\/tours\/mejor-tour-privado-de-8-dias-y-tour-magico-de-marruecos","name":"Mejor Tour Privado de 8 Dias y Tour Magico de Marruecos","isPartOf":{"@id":"https:\/\/puremoroccotrips.com\/es\/#website"},"primaryImageOfPage":{"@id":"https:\/\/puremoroccotrips.com\/es\/tours\/mejor-tour-privado-de-8-dias-y-tour-magico-de-marruecos#primaryimage"},"image":{"@id":"https:\/\/puremoroccotrips.com\/es\/tours\/mejor-tour-privado-de-8-dias-y-tour-magico-de-marruecos#primaryimage"},"thumbnailUrl":"https:\/\/puremoroccotrips.com\/es\/wp-content\/uploads\/2023\/11\/morro-19.png","datePublished":"2023-11-29T18:38:47+00:00","dateModified":"2026-01-29T20:39:50+00:00","description":"Reserva el Mejor Tour Privado de 8 Dias y Tour Magico de Marruecos desde Casablanca, Tour por el Desierto desde Casablanca, Viaje Cultural por Marruecos","breadcrumb":{"@id":"https:\/\/puremoroccotrips.com\/es\/tours\/mejor-tour-privado-de-8-dias-y-tour-magico-de-marruecos#breadcrumb"},"inLanguage":"en-US","potentialAction":[{"@type":"ReadAction","target":["https:\/\/puremoroccotrips.com\/es\/tours\/mejor-tour-privado-de-8-dias-y-tour-magico-de-marruecos"]}]},{"@type":"ImageObject","inLanguage":"en-US","@id":"https:\/\/puremoroccotrips.com\/es\/tours\/mejor-tour-privado-de-8-dias-y-tour-magico-de-marruecos#primaryimage","url":"https:\/\/puremoroccotrips.com\/es\/wp-content\/uploads\/2023\/11\/morro-19.png","contentUrl":"https:\/\/puremoroccotrips.com\/es\/wp-content\/uploads\/2023\/11\/morro-19.png","width":900,"height":600,"caption":"Mejor Tour Privado de 8 Dias y Tour Magico de Marruecos desde Casablanca"},{"@type":"BreadcrumbList","@id":"https:\/\/puremoroccotrips.com\/es\/tours\/mejor-tour-privado-de-8-dias-y-tour-magico-de-marruecos#breadcrumb","itemListElement":[{"@type":"ListItem","position":1,"name":"Home","item":"https:\/\/puremoroccotrips.com\/es\/"},{"@type":"ListItem","position":2,"name":"Products","item":"https:\/\/puremoroccotrips.com\/es\/shop\/"},{"@type":"ListItem","position":3,"name":"Mejor Tour Privado de 8 Dias y Tour Magico de Marruecos"}]},{"@type":"WebSite","@id":"https:\/\/puremoroccotrips.com\/es\/#website","url":"https:\/\/puremoroccotrips.com\/es\/","name":"Pure Morocco Trips - Marrakech tours - Casablanca Tours - Fes Tours - Tangier Tours - Agadir Tours","description":"Your Best Way To Travel in Morocco","publisher":{"@id":"https:\/\/puremoroccotrips.com\/es\/#organization"},"potentialAction":[{"@type":"SearchAction","target":{"@type":"EntryPoint","urlTemplate":"https:\/\/puremoroccotrips.com\/es\/?s={search_term_string}"},"query-input":{"@type":"PropertyValueSpecification","valueRequired":true,"valueName":"search_term_string"}}],"inLanguage":"en-US"},{"@type":"Organization","@id":"https:\/\/puremoroccotrips.com\/es\/#organization","name":"Pure Morocco Trips - Marrakech tours - Casablanca Tours - Fes Tours - Tangier Tours - Agadir Tours","url":"https:\/\/puremoroccotrips.com\/es\/","logo":{"@type":"ImageObject","inLanguage":"en-US","@id":"https:\/\/puremoroccotrips.com\/es\/#\/schema\/logo\/image\/","url":"https:\/\/puremoroccotrips.com\/es\/wp-content\/uploads\/2023\/12\/puremoroccotrips-1.png","contentUrl":"https:\/\/puremoroccotrips.com\/es\/wp-content\/uploads\/2023\/12\/puremoroccotrips-1.png","width":1000,"height":1000,"caption":"Pure Morocco Trips - Marrakech tours - Casablanca Tours - Fes Tours - Tangier Tours - Agadir Tours"},"image":{"@id":"https:\/\/puremoroccotrips.com\/es\/#\/schema\/logo\/image\/"},"sameAs":["https:\/\/web.facebook.com\/puremoroccotrips","https:\/\/www.instagram.com\/pure_morocco_trips\/","https:\/\/www.linkedin.com\/in\/pure-morocco-trips-72a760115?trk=pulse-det-athr_prof-art_hdr"]}]}},"_links":{"self":[{"href":"https:\/\/puremoroccotrips.com\/es\/wp-json\/wp\/v2\/product\/1145","targetHints":{"allow":["GET"]}}],"collection":[{"href":"https:\/\/puremoroccotrips.com\/es\/wp-json\/wp\/v2\/product"}],"about":[{"href":"https:\/\/puremoroccotrips.com\/es\/wp-json\/wp\/v2\/types\/product"}],"wp:featuredmedia":[{"embeddable":true,"href":"https:\/\/puremoroccotrips.com\/es\/wp-json\/wp\/v2\/media\/1090"}],"wp:attachment":[{"href":"https:\/\/puremoroccotrips.com\/es\/wp-json\/wp\/v2\/media?parent=1145"}],"wp:term":[{"taxonomy":"product_brand","embeddable":true,"href":"https:\/\/puremoroccotrips.com\/es\/wp-json\/wp\/v2\/product_brand?post=1145"},{"taxonomy":"product_cat","embeddable":true,"href":"https:\/\/puremoroccotrips.com\/es\/wp-json\/wp\/v2\/product_cat?post=1145"},{"taxonomy":"product_tag","embeddable":true,"href":"https:\/\/puremoroccotrips.com\/es\/wp-json\/wp\/v2\/product_tag?post=1145"}],"curies":[{"name":"wp","href":"https:\/\/api.w.org\/{rel}","templated":true}]}}